{"id":11,"date":"2024-04-12T15:55:26","date_gmt":"2024-04-12T15:55:26","guid":{"rendered":"https:\/\/celmad.org\/?page_id=11"},"modified":"2025-03-19T16:31:13","modified_gmt":"2025-03-19T16:31:13","slug":"produits-services","status":"publish","type":"page","link":"https:\/\/celmad.org\/en\/produits-services\/","title":{"rendered":"Products &amp; Services"},"content":{"rendered":"<div data-elementor-type=\"wp-page\" data-elementor-id=\"11\" class=\"elementor elementor-11\">\n\t\t\t\t<div class=\"elementor-element elementor-element-be7ed9f e-flex e-con-boxed e-con e-parent\" data-id=\"be7ed9f\" data-element_type=\"container\" data-e-type=\"container\" data-settings=\"{&quot;background_background&quot;:&quot;classic&quot;}\">\n\t\t\t\t\t<div class=\"e-con-inner\">\n\t\t<div class=\"elementor-element elementor-element-52ca535 e-con-full e-flex e-con e-child\" data-id=\"52ca535\" data-element_type=\"container\" data-e-type=\"container\">\n\t\t\t\t<div class=\"elementor-element elementor-element-f1deee3 elementor-widget elementor-widget-heading\" data-id=\"f1deee3\" data-element_type=\"widget\" data-e-type=\"widget\" data-widget_type=\"heading.default\">\n\t\t\t\t<div class=\"elementor-widget-container\">\n\t\t\t\t\t<h2 class=\"elementor-heading-title elementor-size-default\">Products &amp; Services<\/h2>\t\t\t\t<\/div>\n\t\t\t\t<\/div>\n\t\t\t\t<\/div>\n\t\t\t\t\t<\/div>\n\t\t\t\t<\/div>\n\t\t<div class=\"elementor-element elementor-element-c44b9b8 e-flex e-con-boxed e-con e-parent\" data-id=\"c44b9b8\" data-element_type=\"container\" data-e-type=\"container\">\n\t\t\t\t\t<div class=\"e-con-inner\">\n\t\t\t\t<div class=\"elementor-element elementor-element-4cd4297 elementor-widget elementor-widget-spacer\" data-id=\"4cd4297\" data-element_type=\"widget\" data-e-type=\"widget\" data-widget_type=\"spacer.default\">\n\t\t\t\t<div class=\"elementor-widget-container\">\n\t\t\t\t\t\t\t<div class=\"elementor-spacer\">\n\t\t\t<div class=\"elementor-spacer-inner\"><\/div>\n\t\t<\/div>\n\t\t\t\t\t\t<\/div>\n\t\t\t\t<\/div>\n\t\t\t\t\t<\/div>\n\t\t\t\t<\/div>\n\t\t<div class=\"elementor-element elementor-element-3550a6c e-grid e-con-boxed e-con e-parent\" data-id=\"3550a6c\" data-element_type=\"container\" data-e-type=\"container\">\n\t\t\t\t\t<div class=\"e-con-inner\">\n\t\t<div class=\"elementor-element elementor-element-13eaea1 e-con-full e-flex e-con e-child\" data-id=\"13eaea1\" data-element_type=\"container\" data-e-type=\"container\" data-settings=\"{&quot;background_background&quot;:&quot;classic&quot;}\">\n\t\t\t\t<div class=\"elementor-element elementor-element-4aa1621 elementor-widget elementor-widget-heading\" data-id=\"4aa1621\" data-element_type=\"widget\" data-e-type=\"widget\" data-widget_type=\"heading.default\">\n\t\t\t\t<div class=\"elementor-widget-container\">\n\t\t\t\t\t<h2 class=\"elementor-heading-title elementor-size-default\">Research, studies and advocacy in combined leadership and management<span style=\"background-color: var( --e-global-color-astglobalcolor1 );color: var( --e-global-color-primary );font-family: var( --e-global-typography-primary-font-family ), Sans-serif;font-size: 1.875rem;font-style: inherit;font-weight: var( --e-global-typography-primary-font-weight );text-align: var(--text-align)\"><\/span><\/h2>\t\t\t\t<\/div>\n\t\t\t\t<\/div>\n\t\t\t\t<div class=\"elementor-element elementor-element-e3f8413 elementor-widget elementor-widget-text-editor\" data-id=\"e3f8413\" data-element_type=\"widget\" data-e-type=\"widget\" data-widget_type=\"text-editor.default\">\n\t\t\t\t<div class=\"elementor-widget-container\">\n\t\t\t\t\t\t\t\t\t<ul>\n<li>Co-research on African priorities, with the historical and cultural realities of the continent and taking into account endogenous knowledge, technological developments (AI, Big data, Deep Learning) and the global context;<\/li>\n<li>Contextualized and innovative analyses;<\/li>\n<li>Conversations with people with life lessons to share for healthy emulation and model representation;<\/li>\n<li>Organizing exchanges between sub-national, national, sub-regional, regional, continental and global institutions and citizens;<\/li>\n<li>Production of innovative, contextualized, high-value-added tools, methods and services for systemic transformation based on the above outcomes with a focus on women and youth;<\/li>\n<li>Advocacy (UN, AU, Regional Economic Commissions, bi-lateral bodies, countries, national and decentralized entities, civil society, political parties, media, citizens).<\/li>\n<\/ul>\t\t\t\t\t\t\t\t<\/div>\n\t\t\t\t<\/div>\n\t\t\t\t<\/div>\n\t\t<div class=\"elementor-element elementor-element-fef5890 e-con-full e-flex e-con e-child\" data-id=\"fef5890\" data-element_type=\"container\" data-e-type=\"container\" data-settings=\"{&quot;background_background&quot;:&quot;classic&quot;}\">\n\t\t\t\t<div class=\"elementor-element elementor-element-e62d825 elementor-widget elementor-widget-heading\" data-id=\"e62d825\" data-element_type=\"widget\" data-e-type=\"widget\" data-widget_type=\"heading.default\">\n\t\t\t\t<div class=\"elementor-widget-container\">\n\t\t\t\t\t<h2 class=\"elementor-heading-title elementor-size-default\">Education, training and capacity-building<\/h2>\t\t\t\t<\/div>\n\t\t\t\t<\/div>\n\t\t\t\t<div class=\"elementor-element elementor-element-008f4e3 elementor-widget elementor-widget-text-editor\" data-id=\"008f4e3\" data-element_type=\"widget\" data-e-type=\"widget\" data-widget_type=\"text-editor.default\">\n\t\t\t\t<div class=\"elementor-widget-container\">\n\t\t\t\t\t\t\t\t\t<ul><li>Training and capacity building:<ul><li>Citizen(ne)s (civic education), communities, media, political parties, civil society.<\/li><li>Institutional strengthening of the local, national (executive, legislative and judicial), regional and continental private and public sectors;<\/li><li>Certificats de short-term en leadership et management combin\u00e9s (2 semaines \u00e0 6 mois);<\/li><li>then L&amp;M Master for the development of Africa (in partnership with accredited institutions and according to accreditations);<\/li><\/ul><\/li><li>Partnerships and joint training with other centres or academies or institutes;<\/li><li>Ad hoc seminars on specific topics.<\/li><\/ul>\t\t\t\t\t\t\t\t<\/div>\n\t\t\t\t<\/div>\n\t\t\t\t<\/div>\n\t\t<div class=\"elementor-element elementor-element-ecc0feb e-con-full e-flex e-con e-child\" data-id=\"ecc0feb\" data-element_type=\"container\" data-e-type=\"container\" data-settings=\"{&quot;background_background&quot;:&quot;classic&quot;}\">\n\t\t\t\t<div class=\"elementor-element elementor-element-171a4f7 elementor-widget elementor-widget-heading\" data-id=\"171a4f7\" data-element_type=\"widget\" data-e-type=\"widget\" data-widget_type=\"heading.default\">\n\t\t\t\t<div class=\"elementor-widget-container\">\n\t\t\t\t\t<h2 class=\"elementor-heading-title elementor-size-default\">Management coaching and leadership for systemic transformation\n<\/h2>\t\t\t\t<\/div>\n\t\t\t\t<\/div>\n\t\t\t\t<div class=\"elementor-element elementor-element-264d3fb elementor-widget elementor-widget-text-editor\" data-id=\"264d3fb\" data-element_type=\"widget\" data-e-type=\"widget\" data-widget_type=\"text-editor.default\">\n\t\t\t\t<div class=\"elementor-widget-container\">\n\t\t\t\t\t\t\t\t\t<ul><li>Diagnostics, co-creation of solutions for public policies including RBM including facilitation of vision construction, agenda, strategies and plans;<\/li><li>Innovation laboratories, including social impact lab. on priority topics (energy and environment, agriculture, finance. industrialization, regional integration...);<\/li><li>Expert advice, seminar facilitation, mentoring and coaching in L&amp;M combined, in resilience, strategy and performance improvement, system and ecosystem construction, innovative service delivery for institutional and individual development;<\/li><li>Promotion of tools and approaches based on foresight, disaggregated data and strategic negotiations to position Africa in global governance.<\/li><\/ul>\t\t\t\t\t\t\t\t<\/div>\n\t\t\t\t<\/div>\n\t\t\t\t<\/div>\n\t\t<div class=\"elementor-element elementor-element-2860bda e-con-full e-flex e-con e-child\" data-id=\"2860bda\" data-element_type=\"container\" data-e-type=\"container\" data-settings=\"{&quot;background_background&quot;:&quot;classic&quot;}\">\n\t\t\t\t<div class=\"elementor-element elementor-element-3e2b099 elementor-widget elementor-widget-heading\" data-id=\"3e2b099\" data-element_type=\"widget\" data-e-type=\"widget\" data-widget_type=\"heading.default\">\n\t\t\t\t<div class=\"elementor-widget-container\">\n\t\t\t\t\t<h2 class=\"elementor-heading-title elementor-size-default\">Dissemination tools<span style=\"background-color: var( --e-global-color-astglobalcolor1 );color: var( --e-global-color-primary );font-family: var( --e-global-typography-primary-font-family ), Sans-serif;font-size: 1.875rem;font-style: inherit;font-weight: var( --e-global-typography-primary-font-weight );text-align: var(--text-align)\"><\/span><\/h2>\t\t\t\t<\/div>\n\t\t\t\t<\/div>\n\t\t\t\t<div class=\"elementor-element elementor-element-d19ba98 elementor-widget elementor-widget-text-editor\" data-id=\"d19ba98\" data-element_type=\"widget\" data-e-type=\"widget\" data-widget_type=\"text-editor.default\">\n\t\t\t\t<div class=\"elementor-widget-container\">\n\t\t\t\t\t\t\t\t\t<ul><li>Dakar Forum on Leadership and Management with presentation of the continental annual report, country analyses and results of the Combined Leadership and Management Index (ILMC);<\/li><li>African platform for leadership, governance and management;<\/li><li>Field visits and sharing experiences;<\/li><li>Debates, conferences, events, publications, partnerships and networks:<ul><li>Policy briefs ;<\/li><li>Webinars, podcasts and other social media;<\/li><li>Round tables and workshops for reflection and exchange;<\/li><li>Cultural and artistic exhibitions;<\/li><li>Creation of networks and partnerships for joint actions and synergies.<\/li><\/ul><\/li><\/ul>\t\t\t\t\t\t\t\t<\/div>\n\t\t\t\t<\/div>\n\t\t\t\t<\/div>\n\t\t\t\t\t<\/div>\n\t\t\t\t<\/div>\n\t\t<div class=\"elementor-element elementor-element-20866e3 e-grid elementor-hidden-desktop elementor-hidden-tablet elementor-hidden-mobile e-con-boxed e-con e-parent\" data-id=\"20866e3\" data-element_type=\"container\" data-e-type=\"container\">\n\t\t\t\t\t<div class=\"e-con-inner\">\n\t\t<div class=\"elementor-element elementor-element-268c54d e-con-full e-flex e-con e-child\" data-id=\"268c54d\" data-element_type=\"container\" data-e-type=\"container\" data-settings=\"{&quot;background_background&quot;:&quot;classic&quot;}\">\n\t\t\t\t<div class=\"elementor-element elementor-element-3419ac6 elementor-widget elementor-widget-heading\" data-id=\"3419ac6\" data-element_type=\"widget\" data-e-type=\"widget\" data-widget_type=\"heading.default\">\n\t\t\t\t<div class=\"elementor-widget-container\">\n\t\t\t\t\t<h2 class=\"elementor-heading-title elementor-size-default\">Research, studies and advocacy in combined leadership and management<span style=\"background-color: var( --e-global-color-astglobalcolor1 );color: var( --e-global-color-primary );font-family: var( --e-global-typography-primary-font-family ), Sans-serif;font-size: 1.875rem;font-style: inherit;font-weight: var( --e-global-typography-primary-font-weight );text-align: var(--text-align)\"><\/span><\/h2>\t\t\t\t<\/div>\n\t\t\t\t<\/div>\n\t\t\t\t<div class=\"elementor-element elementor-element-4b7274b elementor-widget elementor-widget-text-editor\" data-id=\"4b7274b\" data-element_type=\"widget\" data-e-type=\"widget\" data-widget_type=\"text-editor.default\">\n\t\t\t\t<div class=\"elementor-widget-container\">\n\t\t\t\t\t\t\t\t\t<ul><li>D\u00e9velopper et mettre en \u0153uvre des projets de recherche sur les priorit\u00e9s africaines ;<\/li><li>Transformer les r\u00e9sultats de la recherche et des savoirs endog\u00e8nes en innovations et outils p\u00e9dagogiques pour le renforcement des capacit\u00e9s et la prospective ;<\/li><li>Diffuser les r\u00e9sultats via des publications, ateliers, conf\u00e9rences, et le Forum de Dakar sur le Leadership et le Management, pr\u00e9sentant le rapport et l\u2019index L&amp;M.<\/li><\/ul>\t\t\t\t\t\t\t\t<\/div>\n\t\t\t\t<\/div>\n\t\t\t\t<\/div>\n\t\t<div class=\"elementor-element elementor-element-f5ffe51 e-con-full e-flex e-con e-child\" data-id=\"f5ffe51\" data-element_type=\"container\" data-e-type=\"container\" data-settings=\"{&quot;background_background&quot;:&quot;classic&quot;}\">\n\t\t\t\t<div class=\"elementor-element elementor-element-b838420 elementor-widget elementor-widget-heading\" data-id=\"b838420\" data-element_type=\"widget\" data-e-type=\"widget\" data-widget_type=\"heading.default\">\n\t\t\t\t<div class=\"elementor-widget-container\">\n\t\t\t\t\t<h2 class=\"elementor-heading-title elementor-size-default\">Education, training and capacity-building<\/h2>\t\t\t\t<\/div>\n\t\t\t\t<\/div>\n\t\t\t\t<div class=\"elementor-element elementor-element-6c96f24 elementor-widget elementor-widget-text-editor\" data-id=\"6c96f24\" data-element_type=\"widget\" data-e-type=\"widget\" data-widget_type=\"text-editor.default\">\n\t\t\t\t<div class=\"elementor-widget-container\">\n\t\t\t\t\t\t\t\t\t<ul><li>Former et renforcer les capacit\u00e9s des citoyen(e)s, des communaut\u00e9s et de la soci\u00e9t\u00e9 civile, y compris par l\u2019\u00e9ducation citoyenne ;<\/li><li>Accompagner les entit\u00e9s publiques et priv\u00e9es aux niveaux national, r\u00e9gional et continental dans leur renforcement institutionnel ;<\/li><li>Partenariats et formations conjointes avec d\u2019autres Centres ou Acad\u00e9mies ou Instituts : Social impact Lab., Curricula, Certificats de court-terme (2 semaines \u00e0 6 mois), puis Master de L&amp;M pour le d\u00e9veloppement de l\u2019Afrique (en fonction des accr\u00e9ditations).<\/li><\/ul>\t\t\t\t\t\t\t\t<\/div>\n\t\t\t\t<\/div>\n\t\t\t\t<\/div>\n\t\t<div class=\"elementor-element elementor-element-22f1fbe e-con-full e-flex e-con e-child\" data-id=\"22f1fbe\" data-element_type=\"container\" data-e-type=\"container\" data-settings=\"{&quot;background_background&quot;:&quot;classic&quot;}\">\n\t\t\t\t<div class=\"elementor-element elementor-element-20cd26d elementor-widget elementor-widget-heading\" data-id=\"20cd26d\" data-element_type=\"widget\" data-e-type=\"widget\" data-widget_type=\"heading.default\">\n\t\t\t\t<div class=\"elementor-widget-container\">\n\t\t\t\t\t<h2 class=\"elementor-heading-title elementor-size-default\">Management coaching and leadership for systemic transformation<\/h2>\t\t\t\t<\/div>\n\t\t\t\t<\/div>\n\t\t\t\t<div class=\"elementor-element elementor-element-597d58b elementor-widget elementor-widget-text-editor\" data-id=\"597d58b\" data-element_type=\"widget\" data-e-type=\"widget\" data-widget_type=\"text-editor.default\">\n\t\t\t\t<div class=\"elementor-widget-container\">\n\t\t\t\t\t\t\t\t\t<ul><li>R\u00e9aliser des diagnostics, co-cr\u00e9er des solutions pour les politiques publiques et d\u00e9velopper des laboratoires d\u2019innovation ;<\/li><li>Fournir des conseils sp\u00e9cialis\u00e9s, du mentoring et du coaching pour renforcer la r\u00e9silience, les comp\u00e9tences strat\u00e9giques et les performances des acteurs.rices ;<\/li><li>Promouvoir des outils et approches ax\u00e9s sur la prospective, les donn\u00e9es d\u00e9sagr\u00e9g\u00e9es et les n\u00e9gociations strat\u00e9giques pour positionner l\u2019Afrique dans la gouvernance mondiale.<\/li><\/ul>\t\t\t\t\t\t\t\t<\/div>\n\t\t\t\t<\/div>\n\t\t\t\t<\/div>\n\t\t\t\t\t<\/div>\n\t\t\t\t<\/div>\n\t\t<div class=\"elementor-element elementor-element-cabdba4 e-flex e-con-boxed e-con e-parent\" data-id=\"cabdba4\" data-element_type=\"container\" data-e-type=\"container\">\n\t\t\t\t\t<div class=\"e-con-inner\">\n\t\t\t\t<div class=\"elementor-element elementor-element-d528557 elementor-widget elementor-widget-spacer\" data-id=\"d528557\" data-element_type=\"widget\" data-e-type=\"widget\" data-widget_type=\"spacer.default\">\n\t\t\t\t<div class=\"elementor-widget-container\">\n\t\t\t\t\t\t\t<div class=\"elementor-spacer\">\n\t\t\t<div class=\"elementor-spacer-inner\"><\/div>\n\t\t<\/div>\n\t\t\t\t\t\t<\/div>\n\t\t\t\t<\/div>\n\t\t\t\t\t<\/div>\n\t\t\t\t<\/div>\n\t\t\t\t<\/div>","protected":false},"excerpt":{"rendered":"<p>Produits &amp; Services Recherche, \u00e9tudes et plaidoyers en leadership et management combin\u00e9s Co -recherche sur les priorit\u00e9s Africaines, avec les [&hellip;]<\/p>\n","protected":false},"author":2,"featured_media":0,"parent":0,"menu_order":0,"comment_status":"closed","ping_status":"closed","template":"","meta":{"site-sidebar-layout":"no-sidebar","site-content-layout":"","ast-site-content-layout":"full-width-container","site-content-style":"default","site-sidebar-style":"default","ast-global-header-display":"","ast-banner-title-visibility":"","ast-main-header-display":"","ast-hfb-above-header-display":"","ast-hfb-below-header-display":"","ast-hfb-mobile-header-display":"","site-post-title":"disabled","ast-breadcrumbs-content":"","ast-featured-img":"disabled","footer-sml-layout":"","theme-transparent-header-meta":"","adv-header-id-meta":"","stick-header-meta":"","header-above-stick-meta":"","header-main-stick-meta":"","header-below-stick-meta":"","astra-migrate-meta-layouts":"default","ast-page-background-enabled":"default","ast-page-background-meta":{"desktop":{"background-color":"var(--ast-global-color-4)","background-image":"","background-repeat":"repeat","background-position":"center center","background-size":"auto","background-attachment":"scroll","background-type":"","background-media":"","overlay-type":"","overlay-color":"","overlay-opacity":"","overlay-gradient":""},"tablet":{"background-color":"","background-image":"","background-repeat":"repeat","background-position":"center center","background-size":"auto","background-attachment":"scroll","background-type":"","background-media":"","overlay-type":"","overlay-color":"","overlay-opacity":"","overlay-gradient":""},"mobile":{"background-color":"","background-image":"","background-repeat":"repeat","background-position":"center center","background-size":"auto","background-attachment":"scroll","background-type":"","background-media":"","overlay-type":"","overlay-color":"","overlay-opacity":"","overlay-gradient":""}},"ast-content-background-meta":{"desktop":{"background-color":"var(--ast-global-color-5)","background-image":"","background-repeat":"repeat","background-position":"center center","background-size":"auto","background-attachment":"scroll","background-type":"","background-media":"","overlay-type":"","overlay-color":"","overlay-opacity":"","overlay-gradient":""},"tablet":{"background-color":"var(--ast-global-color-5)","background-image":"","background-repeat":"repeat","background-position":"center center","background-size":"auto","background-attachment":"scroll","background-type":"","background-media":"","overlay-type":"","overlay-color":"","overlay-opacity":"","overlay-gradient":""},"mobile":{"background-color":"var(--ast-global-color-5)","background-image":"","background-repeat":"repeat","background-position":"center center","background-size":"auto","background-attachment":"scroll","background-type":"","background-media":"","overlay-type":"","overlay-color":"","overlay-opacity":"","overlay-gradient":""}},"footnotes":""},"class_list":["post-11","page","type-page","status-publish","hentry"],"yoast_head":"<!-- This site is optimized with the Yoast SEO plugin v27.3 - https:\/\/yoast.com\/product\/yoast-seo-wordpress\/ -->\n<title>Produits &amp; Services - CELMAD<\/title>\n<meta name=\"robots\" content=\"index, follow, max-snippet:-1, max-image-preview:large, max-video-preview:-1\" \/>\n<link rel=\"canonical\" href=\"https:\/\/celmad.org\/en\/produits-services\/\" \/>\n<meta property=\"og:locale\" content=\"en_US\" \/>\n<meta property=\"og:type\" content=\"article\" \/>\n<meta property=\"og:title\" content=\"Produits &amp; Services - CELMAD\" \/>\n<meta property=\"og:description\" content=\"Produits &amp; Services Recherche, \u00e9tudes et plaidoyers en leadership et management combin\u00e9s Co -recherche sur les priorit\u00e9s Africaines, avec les [&hellip;]\" \/>\n<meta property=\"og:url\" content=\"https:\/\/celmad.org\/en\/produits-services\/\" \/>\n<meta property=\"og:site_name\" content=\"CELMAD\" \/>\n<meta property=\"article:modified_time\" content=\"2025-03-19T16:31:13+00:00\" \/>\n<meta name=\"twitter:card\" content=\"summary_large_image\" \/>\n<meta name=\"twitter:label1\" content=\"Est. reading time\" \/>\n\t<meta name=\"twitter:data1\" content=\"4 minutes\" \/>\n<script type=\"application\/ld+json\" class=\"yoast-schema-graph\">{\"@context\":\"https:\\\/\\\/schema.org\",\"@graph\":[{\"@type\":\"WebPage\",\"@id\":\"https:\\\/\\\/celmad.org\\\/produits-services\\\/\",\"url\":\"https:\\\/\\\/celmad.org\\\/produits-services\\\/\",\"name\":\"Produits & Services - CELMAD\",\"isPartOf\":{\"@id\":\"https:\\\/\\\/celmad.org\\\/fr\\\/#website\"},\"datePublished\":\"2024-04-12T15:55:26+00:00\",\"dateModified\":\"2025-03-19T16:31:13+00:00\",\"breadcrumb\":{\"@id\":\"https:\\\/\\\/celmad.org\\\/produits-services\\\/#breadcrumb\"},\"inLanguage\":\"en-US\",\"potentialAction\":[{\"@type\":\"ReadAction\",\"target\":[\"https:\\\/\\\/celmad.org\\\/produits-services\\\/\"]}]},{\"@type\":\"BreadcrumbList\",\"@id\":\"https:\\\/\\\/celmad.org\\\/produits-services\\\/#breadcrumb\",\"itemListElement\":[{\"@type\":\"ListItem\",\"position\":1,\"name\":\"Home\",\"item\":\"https:\\\/\\\/celmad.org\\\/\"},{\"@type\":\"ListItem\",\"position\":2,\"name\":\"Produits &#038; Services\"}]},{\"@type\":\"WebSite\",\"@id\":\"https:\\\/\\\/celmad.org\\\/fr\\\/#website\",\"url\":\"https:\\\/\\\/celmad.org\\\/fr\\\/\",\"name\":\"CELMAD\",\"description\":\"\",\"publisher\":{\"@id\":\"https:\\\/\\\/celmad.org\\\/fr\\\/#organization\"},\"potentialAction\":[{\"@type\":\"SearchAction\",\"target\":{\"@type\":\"EntryPoint\",\"urlTemplate\":\"https:\\\/\\\/celmad.org\\\/fr\\\/?s={search_term_string}\"},\"query-input\":{\"@type\":\"PropertyValueSpecification\",\"valueRequired\":true,\"valueName\":\"search_term_string\"}}],\"inLanguage\":\"en-US\"},{\"@type\":\"Organization\",\"@id\":\"https:\\\/\\\/celmad.org\\\/fr\\\/#organization\",\"name\":\"CELMAD\",\"url\":\"https:\\\/\\\/celmad.org\\\/fr\\\/\",\"logo\":{\"@type\":\"ImageObject\",\"inLanguage\":\"en-US\",\"@id\":\"https:\\\/\\\/celmad.org\\\/fr\\\/#\\\/schema\\\/logo\\\/image\\\/\",\"url\":\"https:\\\/\\\/celmad.org\\\/wp-content\\\/uploads\\\/2025\\\/01\\\/Image-5-from-Figma.png\",\"contentUrl\":\"https:\\\/\\\/celmad.org\\\/wp-content\\\/uploads\\\/2025\\\/01\\\/Image-5-from-Figma.png\",\"width\":1368,\"height\":772,\"caption\":\"CELMAD\"},\"image\":{\"@id\":\"https:\\\/\\\/celmad.org\\\/fr\\\/#\\\/schema\\\/logo\\\/image\\\/\"}}]}<\/script>\n<!-- \/ Yoast SEO plugin. -->","yoast_head_json":{"title":"Produits & Services - CELMAD","robots":{"index":"index","follow":"follow","max-snippet":"max-snippet:-1","max-image-preview":"max-image-preview:large","max-video-preview":"max-video-preview:-1"},"canonical":"https:\/\/celmad.org\/en\/produits-services\/","og_locale":"en_US","og_type":"article","og_title":"Produits & Services - CELMAD","og_description":"Produits &amp; Services Recherche, \u00e9tudes et plaidoyers en leadership et management combin\u00e9s Co -recherche sur les priorit\u00e9s Africaines, avec les [&hellip;]","og_url":"https:\/\/celmad.org\/en\/produits-services\/","og_site_name":"CELMAD","article_modified_time":"2025-03-19T16:31:13+00:00","twitter_card":"summary_large_image","twitter_misc":{"Est. reading time":"4 minutes"},"schema":{"@context":"https:\/\/schema.org","@graph":[{"@type":"WebPage","@id":"https:\/\/celmad.org\/produits-services\/","url":"https:\/\/celmad.org\/produits-services\/","name":"Produits & Services - CELMAD","isPartOf":{"@id":"https:\/\/celmad.org\/fr\/#website"},"datePublished":"2024-04-12T15:55:26+00:00","dateModified":"2025-03-19T16:31:13+00:00","breadcrumb":{"@id":"https:\/\/celmad.org\/produits-services\/#breadcrumb"},"inLanguage":"en-US","potentialAction":[{"@type":"ReadAction","target":["https:\/\/celmad.org\/produits-services\/"]}]},{"@type":"BreadcrumbList","@id":"https:\/\/celmad.org\/produits-services\/#breadcrumb","itemListElement":[{"@type":"ListItem","position":1,"name":"Home","item":"https:\/\/celmad.org\/"},{"@type":"ListItem","position":2,"name":"Produits &#038; Services"}]},{"@type":"WebSite","@id":"https:\/\/celmad.org\/fr\/#website","url":"https:\/\/celmad.org\/fr\/","name":"CELMAD","description":"","publisher":{"@id":"https:\/\/celmad.org\/fr\/#organization"},"potentialAction":[{"@type":"SearchAction","target":{"@type":"EntryPoint","urlTemplate":"https:\/\/celmad.org\/fr\/?s={search_term_string}"},"query-input":{"@type":"PropertyValueSpecification","valueRequired":true,"valueName":"search_term_string"}}],"inLanguage":"en-US"},{"@type":"Organization","@id":"https:\/\/celmad.org\/fr\/#organization","name":"CELMAD","url":"https:\/\/celmad.org\/fr\/","logo":{"@type":"ImageObject","inLanguage":"en-US","@id":"https:\/\/celmad.org\/fr\/#\/schema\/logo\/image\/","url":"https:\/\/celmad.org\/wp-content\/uploads\/2025\/01\/Image-5-from-Figma.png","contentUrl":"https:\/\/celmad.org\/wp-content\/uploads\/2025\/01\/Image-5-from-Figma.png","width":1368,"height":772,"caption":"CELMAD"},"image":{"@id":"https:\/\/celmad.org\/fr\/#\/schema\/logo\/image\/"}}]}},"_links":{"self":[{"href":"https:\/\/celmad.org\/en\/wp-json\/wp\/v2\/pages\/11","targetHints":{"allow":["GET"]}}],"collection":[{"href":"https:\/\/celmad.org\/en\/wp-json\/wp\/v2\/pages"}],"about":[{"href":"https:\/\/celmad.org\/en\/wp-json\/wp\/v2\/types\/page"}],"author":[{"embeddable":true,"href":"https:\/\/celmad.org\/en\/wp-json\/wp\/v2\/users\/2"}],"replies":[{"embeddable":true,"href":"https:\/\/celmad.org\/en\/wp-json\/wp\/v2\/comments?post=11"}],"version-history":[{"count":140,"href":"https:\/\/celmad.org\/en\/wp-json\/wp\/v2\/pages\/11\/revisions"}],"predecessor-version":[{"id":1692,"href":"https:\/\/celmad.org\/en\/wp-json\/wp\/v2\/pages\/11\/revisions\/1692"}],"wp:attachment":[{"href":"https:\/\/celmad.org\/en\/wp-json\/wp\/v2\/media?parent=11"}],"curies":[{"name":"wp","href":"https:\/\/api.w.org\/{rel}","templated":true}]}}