{"id":1259,"date":"2024-12-20T12:50:01","date_gmt":"2024-12-20T12:50:01","guid":{"rendered":"https:\/\/celmad.org\/?page_id=1259"},"modified":"2025-09-05T11:24:00","modified_gmt":"2025-09-05T11:24:00","slug":"strategie","status":"publish","type":"page","link":"https:\/\/celmad.org\/en\/strategie\/","title":{"rendered":"Strategy"},"content":{"rendered":"<div data-elementor-type=\"wp-page\" data-elementor-id=\"1259\" class=\"elementor elementor-1259\">\n\t\t\t\t<div class=\"elementor-element elementor-element-619900a e-flex e-con-boxed e-con e-parent\" data-id=\"619900a\" data-element_type=\"container\" data-e-type=\"container\" data-settings=\"{&quot;background_background&quot;:&quot;classic&quot;}\">\n\t\t\t\t\t<div class=\"e-con-inner\">\n\t\t<div class=\"elementor-element elementor-element-ad657ba e-con-full e-flex e-con e-child\" data-id=\"ad657ba\" data-element_type=\"container\" data-e-type=\"container\">\n\t\t\t\t<div class=\"elementor-element elementor-element-039ed59 elementor-widget elementor-widget-heading\" data-id=\"039ed59\" data-element_type=\"widget\" data-e-type=\"widget\" data-widget_type=\"heading.default\">\n\t\t\t\t<div class=\"elementor-widget-container\">\n\t\t\t\t\t<h2 class=\"elementor-heading-title elementor-size-default\">Our Strategy<\/h2>\t\t\t\t<\/div>\n\t\t\t\t<\/div>\n\t\t\t\t<\/div>\n\t\t\t\t\t<\/div>\n\t\t\t\t<\/div>\n\t\t<div class=\"elementor-element elementor-element-1ef3a37 e-flex e-con-boxed e-con e-parent\" data-id=\"1ef3a37\" data-element_type=\"container\" data-e-type=\"container\" data-settings=\"{&quot;background_background&quot;:&quot;classic&quot;}\">\n\t\t\t\t\t<div class=\"e-con-inner\">\n\t\t<div class=\"elementor-element elementor-element-0849015 e-con-full e-flex e-con e-child\" data-id=\"0849015\" data-element_type=\"container\" data-e-type=\"container\">\n\t\t\t\t<div class=\"elementor-element elementor-element-2078bfc elementor-widget elementor-widget-menu-anchor\" data-id=\"2078bfc\" data-element_type=\"widget\" data-e-type=\"widget\" data-widget_type=\"menu-anchor.default\">\n\t\t\t\t<div class=\"elementor-widget-container\">\n\t\t\t\t\t\t\t<div class=\"elementor-menu-anchor\" id=\"ns\"><\/div>\n\t\t\t\t\t\t<\/div>\n\t\t\t\t<\/div>\n\t\t\t\t<div class=\"elementor-element elementor-element-8e17bb3 elementor-widget elementor-widget-heading\" data-id=\"8e17bb3\" data-element_type=\"widget\" data-e-type=\"widget\" data-widget_type=\"heading.default\">\n\t\t\t\t<div class=\"elementor-widget-container\">\n\t\t\t\t\t<h2 class=\"elementor-heading-title elementor-size-default\">OUR STRATEGY<\/h2>\t\t\t\t<\/div>\n\t\t\t\t<\/div>\n\t\t<div class=\"elementor-element elementor-element-af6bb47 e-con-full e-flex e-con e-child\" data-id=\"af6bb47\" data-element_type=\"container\" data-e-type=\"container\">\n\t\t\t\t<div class=\"elementor-element elementor-element-cfcff29 elementor-widget elementor-widget-text-editor\" data-id=\"cfcff29\" data-element_type=\"widget\" data-e-type=\"widget\" data-widget_type=\"text-editor.default\">\n\t\t\t\t<div class=\"elementor-widget-container\">\n\t\t\t\t\t\t\t\t\tBased on its mission, its vision and its strategic analysis, CELMAD has defined the following  strategic areas of intervention and objectives :\t\t\t\t\t\t\t\t<\/div>\n\t\t\t\t<\/div>\n\t\t\t\t<div class=\"elementor-element elementor-element-8b33a74 elementor-widget elementor-widget-text-editor\" data-id=\"8b33a74\" data-element_type=\"widget\" data-e-type=\"widget\" data-widget_type=\"text-editor.default\">\n\t\t\t\t<div class=\"elementor-widget-container\">\n\t\t\t\t\t\t\t\t\t<strong>General objective:<\/strong> <br\/>\n\nCELMAD promotes an appropriate mix of effective leadership and management, especially of women and youth, through capacity building for entities at regional, national, local and decentralized levels, including the public, private and parapublic sectors, the civil society and the media, the communities and citizens. \t\t\t\t\t\t\t\t<\/div>\n\t\t\t\t<\/div>\n\t\t\t\t<div class=\"elementor-element elementor-element-dabff65 elementor-widget elementor-widget-text-editor\" data-id=\"dabff65\" data-element_type=\"widget\" data-e-type=\"widget\" data-widget_type=\"text-editor.default\">\n\t\t\t\t<div class=\"elementor-widget-container\">\n\t\t\t\t\t\t\t\t\t<p><strong>Focus area 1 : Research, studies and advocacy in combined leadership and management<\/strong><\/p><ul><li>S.O. 1.1. Develop and implement research projects on African priorities;<\/li><li>S.O. 1.2. Transform the results of research and endogenous knowledge into innovations and educational tools for capacity building and foresight;<\/li><li>S.O. 1.3. Publish the findings through papers, workshops, conferences and the Dakar Forum on Leadership and Management, which presents the L&amp;M report and index.<\/li><\/ul>\t\t\t\t\t\t\t\t<\/div>\n\t\t\t\t<\/div>\n\t\t\t\t<div class=\"elementor-element elementor-element-fbe02ac elementor-widget elementor-widget-text-editor\" data-id=\"fbe02ac\" data-element_type=\"widget\" data-e-type=\"widget\" data-widget_type=\"text-editor.default\">\n\t\t\t\t<div class=\"elementor-widget-container\">\n\t\t\t\t\t\t\t\t\t<p><strong>Focus area 2: Education, training and capacity building<br \/><\/strong><\/p><ul><li>S.O. 2.1. Train and provide capacity building to citizens, communities and civil society, including through citizenship education;<\/li><li>S.O. 2.2. Support public and private entities at local, national, regional and continental levels in their institutional strengthening;<\/li><li>S.O. 2.3. Partnerships and joint training with other Centers, Academies or Institutes.<\/li><\/ul>\t\t\t\t\t\t\t\t<\/div>\n\t\t\t\t<\/div>\n\t\t\t\t<div class=\"elementor-element elementor-element-4145886 elementor-widget elementor-widget-text-editor\" data-id=\"4145886\" data-element_type=\"widget\" data-e-type=\"widget\" data-widget_type=\"text-editor.default\">\n\t\t\t\t<div class=\"elementor-widget-container\">\n\t\t\t\t\t\t\t\t\t<p><strong>Focus area 3: Management and leadership coaching for systemic transformation<br \/><\/strong><\/p><ul><li>S.O. 3.1. Carry out diagnosis, co-create solutions for public policies and develop innovation laboratories;<\/li><li>S.O. 3.2. Provide expert advice, mentoring and coaching to strengthen resilience, strategic skills and the actors\u2019 performances;<\/li><li>S.O. 3.3. Promote future-oriented tools and approaches, disaggregated data and strategic negotiations to position Africa in global governance.<\/li><\/ul>\t\t\t\t\t\t\t\t<\/div>\n\t\t\t\t<\/div>\n\t\t\t\t<div class=\"elementor-element elementor-element-a244231 elementor-widget elementor-widget-text-editor\" data-id=\"a244231\" data-element_type=\"widget\" data-e-type=\"widget\" data-widget_type=\"text-editor.default\">\n\t\t\t\t<div class=\"elementor-widget-container\">\n\t\t\t\t\t\t\t\t\t<p><strong>Focus area 4 : CELMAD Governance and Institutional Development<br \/><\/strong><\/p><ul><li>S.O. 4.1. Make CELMAD a benchmark organization in terms of combined leadership and management on the continent, regarding research, innovation, knowledge and know-how valorization and support;<\/li><li>S.O. 4.2. Implement innovative strategies in internal functional governance, networking, partnership and resource mobilization;<\/li><li>S.O. 4.3. Enhance visibility through a strategy, a plan and communication products that are suitable and based on good practices.<\/li><\/ul>\t\t\t\t\t\t\t\t<\/div>\n\t\t\t\t<\/div>\n\t\t\t\t<\/div>\n\t\t\t\t<\/div>\n\t\t<div class=\"elementor-element elementor-element-bb4691f e-flex e-con-boxed e-con e-child\" data-id=\"bb4691f\" data-element_type=\"container\" data-e-type=\"container\" data-settings=\"{&quot;background_background&quot;:&quot;classic&quot;}\">\n\t\t\t\t\t<div class=\"e-con-inner\">\n\t\t\t\t<div class=\"elementor-element elementor-element-c27992f elementor-view-default elementor-widget elementor-widget-icon\" data-id=\"c27992f\" data-element_type=\"widget\" data-e-type=\"widget\" data-widget_type=\"icon.default\">\n\t\t\t\t<div class=\"elementor-widget-container\">\n\t\t\t\t\t\t\t<div class=\"elementor-icon-wrapper\">\n\t\t\t<div class=\"elementor-icon\">\n\t\t\t<svg aria-hidden=\"true\" class=\"e-font-icon-svg e-fas-level-up-alt\" viewbox=\"0 0 320 512\" xmlns=\"http:\/\/www.w3.org\/2000\/svg\"><path d=\"M313.553 119.669L209.587 7.666c-9.485-10.214-25.676-10.229-35.174 0L70.438 119.669C56.232 134.969 67.062 160 88.025 160H152v272H68.024a11.996 11.996 0 0 0-8.485 3.515l-56 56C-4.021 499.074 1.333 512 12.024 512H208c13.255 0 24-10.745 24-24V160h63.966c20.878 0 31.851-24.969 17.587-40.331z\"><\/path><\/svg>\t\t\t<\/div>\n\t\t<\/div>\n\t\t\t\t\t\t<\/div>\n\t\t\t\t<\/div>\n\t\t\t\t\t<\/div>\n\t\t\t\t<\/div>\n\t\t\t\t\t<\/div>\n\t\t\t\t<\/div>\n\t\t<div class=\"elementor-element elementor-element-6919c5d e-flex e-con-boxed e-con e-parent\" data-id=\"6919c5d\" data-element_type=\"container\" data-e-type=\"container\">\n\t\t\t\t\t<div class=\"e-con-inner\">\n\t\t\t\t<div class=\"elementor-element elementor-element-08e5475 elementor-widget elementor-widget-spacer\" data-id=\"08e5475\" data-element_type=\"widget\" data-e-type=\"widget\" data-widget_type=\"spacer.default\">\n\t\t\t\t<div class=\"elementor-widget-container\">\n\t\t\t\t\t\t\t<div class=\"elementor-spacer\">\n\t\t\t<div class=\"elementor-spacer-inner\"><\/div>\n\t\t<\/div>\n\t\t\t\t\t\t<\/div>\n\t\t\t\t<\/div>\n\t\t\t\t\t<\/div>\n\t\t\t\t<\/div>\n\t\t<div class=\"elementor-element elementor-element-36ca7ac e-flex e-con-boxed e-con e-parent\" data-id=\"36ca7ac\" data-element_type=\"container\" data-e-type=\"container\">\n\t\t\t\t\t<div class=\"e-con-inner\">\n\t\t<div class=\"elementor-element elementor-element-2872179 e-con-full e-flex e-con e-child\" data-id=\"2872179\" data-element_type=\"container\" data-e-type=\"container\">\n\t\t\t\t<div class=\"elementor-element elementor-element-69026da elementor-widget elementor-widget-menu-anchor\" data-id=\"69026da\" data-element_type=\"widget\" data-e-type=\"widget\" data-widget_type=\"menu-anchor.default\">\n\t\t\t\t<div class=\"elementor-widget-container\">\n\t\t\t\t\t\t\t<div class=\"elementor-menu-anchor\" id=\"aa\"><\/div>\n\t\t\t\t\t\t<\/div>\n\t\t\t\t<\/div>\n\t\t\t\t<div class=\"elementor-element elementor-element-eba607e elementor-widget elementor-widget-heading\" data-id=\"eba607e\" data-element_type=\"widget\" data-e-type=\"widget\" data-widget_type=\"heading.default\">\n\t\t\t\t<div class=\"elementor-widget-container\">\n\t\t\t\t\t<h2 class=\"elementor-heading-title elementor-size-default\">OUR APPROACH<\/h2>\t\t\t\t<\/div>\n\t\t\t\t<\/div>\n\t\t<div class=\"elementor-element elementor-element-9fca87e e-con-full e-flex e-con e-child\" data-id=\"9fca87e\" data-element_type=\"container\" data-e-type=\"container\">\n\t\t\t\t<div class=\"elementor-element elementor-element-44de645 elementor-widget elementor-widget-text-editor\" data-id=\"44de645\" data-element_type=\"widget\" data-e-type=\"widget\" data-widget_type=\"text-editor.default\">\n\t\t\t\t<div class=\"elementor-widget-container\">\n\t\t\t\t\t\t\t\t\t<ul>\n \t<li>Thinking and acting (\" think-act\");<\/li>\n \t<li>Endogenous and innovative solutions in leadership and management;<\/li>\n \t<li>Use of ICT, AI and situational and forward-looking analyses;<\/li>\n \t<li>Focus on youth and women;<\/li>\n \t<li>Alignment to national priorities, co \u2013 creation and integration of citizen ideas;<\/li>\n \t<li>Innovative framework: L&amp;M, Sprinthonian approach and ILMC.<\/li>\n<\/ul>\t\t\t\t\t\t\t\t<\/div>\n\t\t\t\t<\/div>\n\t\t\t\t<div class=\"elementor-element elementor-element-a0136d6 elementor-widget elementor-widget-text-editor\" data-id=\"a0136d6\" data-element_type=\"widget\" data-e-type=\"widget\" data-widget_type=\"text-editor.default\">\n\t\t\t\t<div class=\"elementor-widget-container\">\n\t\t\t\t\t\t\t\t\tCELMAD adopts a combined systemic approach of transformational leadership and contextualized and innovative management, based on:\t\t\t\t\t\t\t\t<\/div>\n\t\t\t\t<\/div>\n\t\t\t\t<div class=\"elementor-element elementor-element-0ae1d3a elementor-widget elementor-widget-text-editor\" data-id=\"0ae1d3a\" data-element_type=\"widget\" data-e-type=\"widget\" data-widget_type=\"text-editor.default\">\n\t\t\t\t<div class=\"elementor-widget-container\">\n\t\t\t\t\t\t\t\t\t<ul><li><strong>Learning by doing<\/strong> (through experience) and thinking-oriented action (think-act);<\/li><li><strong>Managing systemic transformation<\/strong>, by fostering collective intelligence, synergies and complementarity;<\/li><li><strong>Promoting<\/strong>, capitalizing on and sharing universal and endogenous knowledge;<\/li><li><strong>Processes of systemic change<\/strong>, rooted in African values;<\/li><li><strong>The use of technologies<\/strong> (ICT, AI, big data) and foresight;<\/li><\/ul>\t\t\t\t\t\t\t\t<\/div>\n\t\t\t\t<\/div>\n\t\t\t\t<div class=\"elementor-element elementor-element-f295ee1 elementor-widget elementor-widget-text-editor\" data-id=\"f295ee1\" data-element_type=\"widget\" data-e-type=\"widget\" data-widget_type=\"text-editor.default\">\n\t\t\t\t<div class=\"elementor-widget-container\">\n\t\t\t\t\t\t\t\t\tThe approach includes <strong>strategic partnerships<\/strong> and engages creative actors in various fields to strengthen co-creation and co-action; <br\/><br\/>\n\nThis broad, diverse and inclusive partnership will include Citizens and communities; Governments and regional institutions; Private sector; Civil society; Women\u2019s, youth and vulnerable groups movements; Research and training structures; Think tanks; Media and digital platforms.\t\t\t\t\t\t\t\t<\/div>\n\t\t\t\t<\/div>\n\t\t\t\t<div class=\"elementor-element elementor-element-4081285 elementor-widget elementor-widget-text-editor\" data-id=\"4081285\" data-element_type=\"widget\" data-e-type=\"widget\" data-widget_type=\"text-editor.default\">\n\t\t\t\t<div class=\"elementor-widget-container\">\n\t\t\t\t\t\t\t\t\t<p>The CELMAD action is based on a dual approach:<\/p><ul><li><strong>Horizontal<\/strong> : Foster intra- and inter-group exchanges to enrich discussions and ideas.<\/li><li><strong>Vertical<\/strong> : A top-down (top-down) dynamics to test public policies in the face of social realities, and a bottom-up (bottom-up) dynamics to integrate local experiences into societal decisions and trajectories.<\/li><\/ul><p>This approach guarantees joint action and mutual accountability for sustainable impact.<\/p>\t\t\t\t\t\t\t\t<\/div>\n\t\t\t\t<\/div>\n\t\t\t\t<\/div>\n\t\t\t\t<\/div>\n\t\t<div class=\"elementor-element elementor-element-e398aeb e-flex e-con-boxed e-con e-child\" data-id=\"e398aeb\" data-element_type=\"container\" data-e-type=\"container\" data-settings=\"{&quot;background_background&quot;:&quot;classic&quot;}\">\n\t\t\t\t\t<div class=\"e-con-inner\">\n\t\t\t\t<div class=\"elementor-element elementor-element-2279192 elementor-view-default elementor-widget elementor-widget-icon\" data-id=\"2279192\" data-element_type=\"widget\" data-e-type=\"widget\" data-widget_type=\"icon.default\">\n\t\t\t\t<div class=\"elementor-widget-container\">\n\t\t\t\t\t\t\t<div class=\"elementor-icon-wrapper\">\n\t\t\t<div class=\"elementor-icon\">\n\t\t\t<svg aria-hidden=\"true\" class=\"e-font-icon-svg e-fas-route\" viewbox=\"0 0 512 512\" xmlns=\"http:\/\/www.w3.org\/2000\/svg\"><path d=\"M416 320h-96c-17.6 0-32-14.4-32-32s14.4-32 32-32h96s96-107 96-160-43-96-96-96-96 43-96 96c0 25.5 22.2 63.4 45.3 96H320c-52.9 0-96 43.1-96 96s43.1 96 96 96h96c17.6 0 32 14.4 32 32s-14.4 32-32 32H185.5c-16 24.8-33.8 47.7-47.3 64H416c52.9 0 96-43.1 96-96s-43.1-96-96-96zm0-256c17.7 0 32 14.3 32 32s-14.3 32-32 32-32-14.3-32-32 14.3-32 32-32zM96 256c-53 0-96 43-96 96s96 160 96 160 96-107 96-160-43-96-96-96zm0 128c-17.7 0-32-14.3-32-32s14.3-32 32-32 32 14.3 32 32-14.3 32-32 32z\"><\/path><\/svg>\t\t\t<\/div>\n\t\t<\/div>\n\t\t\t\t\t\t<\/div>\n\t\t\t\t<\/div>\n\t\t\t\t\t<\/div>\n\t\t\t\t<\/div>\n\t\t\t\t\t<\/div>\n\t\t\t\t<\/div>\n\t\t<div class=\"elementor-element elementor-element-332d823 e-flex e-con-boxed e-con e-parent\" data-id=\"332d823\" data-element_type=\"container\" data-e-type=\"container\">\n\t\t\t\t\t<div class=\"e-con-inner\">\n\t\t\t\t<div class=\"elementor-element elementor-element-37970a3 elementor-widget elementor-widget-spacer\" data-id=\"37970a3\" data-element_type=\"widget\" data-e-type=\"widget\" data-widget_type=\"spacer.default\">\n\t\t\t\t<div class=\"elementor-widget-container\">\n\t\t\t\t\t\t\t<div class=\"elementor-spacer\">\n\t\t\t<div class=\"elementor-spacer-inner\"><\/div>\n\t\t<\/div>\n\t\t\t\t\t\t<\/div>\n\t\t\t\t<\/div>\n\t\t\t\t\t<\/div>\n\t\t\t\t<\/div>\n\t\t\t\t<\/div>","protected":false},"excerpt":{"rendered":"<p>Notre Strat\u00e9gie NOTRE STRAT\u00c9GIE Sur la base de sa vision, mission et de son analyse strat\u00e9gique, CELMAD a d\u00e9fini les [&hellip;]<\/p>\n","protected":false},"author":2,"featured_media":0,"parent":0,"menu_order":0,"comment_status":"closed","ping_status":"closed","template":"","meta":{"site-sidebar-layout":"no-sidebar","site-content-layout":"","ast-site-content-layout":"full-width-container","site-content-style":"default","site-sidebar-style":"default","ast-global-header-display":"","ast-banner-title-visibility":"","ast-main-header-display":"","ast-hfb-above-header-display":"","ast-hfb-below-header-display":"","ast-hfb-mobile-header-display":"","site-post-title":"disabled","ast-breadcrumbs-content":"","ast-featured-img":"disabled","footer-sml-layout":"","theme-transparent-header-meta":"","adv-header-id-meta":"","stick-header-meta":"","header-above-stick-meta":"","header-main-stick-meta":"","header-below-stick-meta":"","astra-migrate-meta-layouts":"default","ast-page-background-enabled":"default","ast-page-background-meta":{"desktop":{"background-color":"var(--ast-global-color-4)","background-image":"","background-repeat":"repeat","background-position":"center center","background-size":"auto","background-attachment":"scroll","background-type":"","background-media":"","overlay-type":"","overlay-color":"","overlay-opacity":"","overlay-gradient":""},"tablet":{"background-color":"","background-image":"","background-repeat":"repeat","background-position":"center center","background-size":"auto","background-attachment":"scroll","background-type":"","background-media":"","overlay-type":"","overlay-color":"","overlay-opacity":"","overlay-gradient":""},"mobile":{"background-color":"","background-image":"","background-repeat":"repeat","background-position":"center center","background-size":"auto","background-attachment":"scroll","background-type":"","background-media":"","overlay-type":"","overlay-color":"","overlay-opacity":"","overlay-gradient":""}},"ast-content-background-meta":{"desktop":{"background-color":"var(--ast-global-color-5)","background-image":"","background-repeat":"repeat","background-position":"center center","background-size":"auto","background-attachment":"scroll","background-type":"","background-media":"","overlay-type":"","overlay-color":"","overlay-opacity":"","overlay-gradient":""},"tablet":{"background-color":"var(--ast-global-color-5)","background-image":"","background-repeat":"repeat","background-position":"center center","background-size":"auto","background-attachment":"scroll","background-type":"","background-media":"","overlay-type":"","overlay-color":"","overlay-opacity":"","overlay-gradient":""},"mobile":{"background-color":"var(--ast-global-color-5)","background-image":"","background-repeat":"repeat","background-position":"center center","background-size":"auto","background-attachment":"scroll","background-type":"","background-media":"","overlay-type":"","overlay-color":"","overlay-opacity":"","overlay-gradient":""}},"footnotes":""},"class_list":["post-1259","page","type-page","status-publish","hentry"],"yoast_head":"<!-- This site is optimized with the Yoast SEO plugin v27.3 - https:\/\/yoast.com\/product\/yoast-seo-wordpress\/ -->\n<title>Strat\u00e9gie - CELMAD<\/title>\n<meta name=\"robots\" content=\"index, follow, max-snippet:-1, max-image-preview:large, max-video-preview:-1\" \/>\n<link rel=\"canonical\" href=\"https:\/\/celmad.org\/en\/strategie\/\" \/>\n<meta property=\"og:locale\" content=\"en_US\" \/>\n<meta property=\"og:type\" content=\"article\" \/>\n<meta property=\"og:title\" content=\"Strat\u00e9gie - CELMAD\" \/>\n<meta property=\"og:description\" content=\"Notre Strat\u00e9gie NOTRE STRAT\u00c9GIE Sur la base de sa vision, mission et de son analyse strat\u00e9gique, CELMAD a d\u00e9fini les [&hellip;]\" \/>\n<meta property=\"og:url\" content=\"https:\/\/celmad.org\/en\/strategie\/\" \/>\n<meta property=\"og:site_name\" content=\"CELMAD\" \/>\n<meta property=\"article:modified_time\" content=\"2025-09-05T11:24:00+00:00\" \/>\n<meta name=\"twitter:card\" content=\"summary_large_image\" \/>\n<meta name=\"twitter:label1\" content=\"Est. reading time\" \/>\n\t<meta name=\"twitter:data1\" content=\"3 minutes\" \/>\n<script type=\"application\/ld+json\" class=\"yoast-schema-graph\">{\"@context\":\"https:\\\/\\\/schema.org\",\"@graph\":[{\"@type\":\"WebPage\",\"@id\":\"https:\\\/\\\/celmad.org\\\/fr\\\/strategie\\\/\",\"url\":\"https:\\\/\\\/celmad.org\\\/fr\\\/strategie\\\/\",\"name\":\"Strat\u00e9gie - CELMAD\",\"isPartOf\":{\"@id\":\"https:\\\/\\\/celmad.org\\\/fr\\\/#website\"},\"datePublished\":\"2024-12-20T12:50:01+00:00\",\"dateModified\":\"2025-09-05T11:24:00+00:00\",\"breadcrumb\":{\"@id\":\"https:\\\/\\\/celmad.org\\\/fr\\\/strategie\\\/#breadcrumb\"},\"inLanguage\":\"en-US\",\"potentialAction\":[{\"@type\":\"ReadAction\",\"target\":[\"https:\\\/\\\/celmad.org\\\/fr\\\/strategie\\\/\"]}]},{\"@type\":\"BreadcrumbList\",\"@id\":\"https:\\\/\\\/celmad.org\\\/fr\\\/strategie\\\/#breadcrumb\",\"itemListElement\":[{\"@type\":\"ListItem\",\"position\":1,\"name\":\"Home\",\"item\":\"https:\\\/\\\/celmad.org\\\/\"},{\"@type\":\"ListItem\",\"position\":2,\"name\":\"Strat\u00e9gie\"}]},{\"@type\":\"WebSite\",\"@id\":\"https:\\\/\\\/celmad.org\\\/fr\\\/#website\",\"url\":\"https:\\\/\\\/celmad.org\\\/fr\\\/\",\"name\":\"CELMAD\",\"description\":\"\",\"publisher\":{\"@id\":\"https:\\\/\\\/celmad.org\\\/fr\\\/#organization\"},\"potentialAction\":[{\"@type\":\"SearchAction\",\"target\":{\"@type\":\"EntryPoint\",\"urlTemplate\":\"https:\\\/\\\/celmad.org\\\/fr\\\/?s={search_term_string}\"},\"query-input\":{\"@type\":\"PropertyValueSpecification\",\"valueRequired\":true,\"valueName\":\"search_term_string\"}}],\"inLanguage\":\"en-US\"},{\"@type\":\"Organization\",\"@id\":\"https:\\\/\\\/celmad.org\\\/fr\\\/#organization\",\"name\":\"CELMAD\",\"url\":\"https:\\\/\\\/celmad.org\\\/fr\\\/\",\"logo\":{\"@type\":\"ImageObject\",\"inLanguage\":\"en-US\",\"@id\":\"https:\\\/\\\/celmad.org\\\/fr\\\/#\\\/schema\\\/logo\\\/image\\\/\",\"url\":\"https:\\\/\\\/celmad.org\\\/wp-content\\\/uploads\\\/2025\\\/01\\\/Image-5-from-Figma.png\",\"contentUrl\":\"https:\\\/\\\/celmad.org\\\/wp-content\\\/uploads\\\/2025\\\/01\\\/Image-5-from-Figma.png\",\"width\":1368,\"height\":772,\"caption\":\"CELMAD\"},\"image\":{\"@id\":\"https:\\\/\\\/celmad.org\\\/fr\\\/#\\\/schema\\\/logo\\\/image\\\/\"}}]}<\/script>\n<!-- \/ Yoast SEO plugin. -->","yoast_head_json":{"title":"Strat\u00e9gie - CELMAD","robots":{"index":"index","follow":"follow","max-snippet":"max-snippet:-1","max-image-preview":"max-image-preview:large","max-video-preview":"max-video-preview:-1"},"canonical":"https:\/\/celmad.org\/en\/strategie\/","og_locale":"en_US","og_type":"article","og_title":"Strat\u00e9gie - CELMAD","og_description":"Notre Strat\u00e9gie NOTRE STRAT\u00c9GIE Sur la base de sa vision, mission et de son analyse strat\u00e9gique, CELMAD a d\u00e9fini les [&hellip;]","og_url":"https:\/\/celmad.org\/en\/strategie\/","og_site_name":"CELMAD","article_modified_time":"2025-09-05T11:24:00+00:00","twitter_card":"summary_large_image","twitter_misc":{"Est. reading time":"3 minutes"},"schema":{"@context":"https:\/\/schema.org","@graph":[{"@type":"WebPage","@id":"https:\/\/celmad.org\/fr\/strategie\/","url":"https:\/\/celmad.org\/fr\/strategie\/","name":"Strat\u00e9gie - CELMAD","isPartOf":{"@id":"https:\/\/celmad.org\/fr\/#website"},"datePublished":"2024-12-20T12:50:01+00:00","dateModified":"2025-09-05T11:24:00+00:00","breadcrumb":{"@id":"https:\/\/celmad.org\/fr\/strategie\/#breadcrumb"},"inLanguage":"en-US","potentialAction":[{"@type":"ReadAction","target":["https:\/\/celmad.org\/fr\/strategie\/"]}]},{"@type":"BreadcrumbList","@id":"https:\/\/celmad.org\/fr\/strategie\/#breadcrumb","itemListElement":[{"@type":"ListItem","position":1,"name":"Home","item":"https:\/\/celmad.org\/"},{"@type":"ListItem","position":2,"name":"Strat\u00e9gie"}]},{"@type":"WebSite","@id":"https:\/\/celmad.org\/fr\/#website","url":"https:\/\/celmad.org\/fr\/","name":"CELMAD","description":"","publisher":{"@id":"https:\/\/celmad.org\/fr\/#organization"},"potentialAction":[{"@type":"SearchAction","target":{"@type":"EntryPoint","urlTemplate":"https:\/\/celmad.org\/fr\/?s={search_term_string}"},"query-input":{"@type":"PropertyValueSpecification","valueRequired":true,"valueName":"search_term_string"}}],"inLanguage":"en-US"},{"@type":"Organization","@id":"https:\/\/celmad.org\/fr\/#organization","name":"CELMAD","url":"https:\/\/celmad.org\/fr\/","logo":{"@type":"ImageObject","inLanguage":"en-US","@id":"https:\/\/celmad.org\/fr\/#\/schema\/logo\/image\/","url":"https:\/\/celmad.org\/wp-content\/uploads\/2025\/01\/Image-5-from-Figma.png","contentUrl":"https:\/\/celmad.org\/wp-content\/uploads\/2025\/01\/Image-5-from-Figma.png","width":1368,"height":772,"caption":"CELMAD"},"image":{"@id":"https:\/\/celmad.org\/fr\/#\/schema\/logo\/image\/"}}]}},"_links":{"self":[{"href":"https:\/\/celmad.org\/en\/wp-json\/wp\/v2\/pages\/1259","targetHints":{"allow":["GET"]}}],"collection":[{"href":"https:\/\/celmad.org\/en\/wp-json\/wp\/v2\/pages"}],"about":[{"href":"https:\/\/celmad.org\/en\/wp-json\/wp\/v2\/types\/page"}],"author":[{"embeddable":true,"href":"https:\/\/celmad.org\/en\/wp-json\/wp\/v2\/users\/2"}],"replies":[{"embeddable":true,"href":"https:\/\/celmad.org\/en\/wp-json\/wp\/v2\/comments?post=1259"}],"version-history":[{"count":58,"href":"https:\/\/celmad.org\/en\/wp-json\/wp\/v2\/pages\/1259\/revisions"}],"predecessor-version":[{"id":1839,"href":"https:\/\/celmad.org\/en\/wp-json\/wp\/v2\/pages\/1259\/revisions\/1839"}],"wp:attachment":[{"href":"https:\/\/celmad.org\/en\/wp-json\/wp\/v2\/media?parent=1259"}],"curies":[{"name":"wp","href":"https:\/\/api.w.org\/{rel}","templated":true}]}}