{"id":1259,"date":"2024-12-20T12:50:01","date_gmt":"2024-12-20T12:50:01","guid":{"rendered":"https:\/\/celmad.org\/?page_id=1259"},"modified":"2025-09-05T11:24:00","modified_gmt":"2025-09-05T11:24:00","slug":"strategie","status":"publish","type":"page","link":"https:\/\/celmad.org\/fr\/strategie\/","title":{"rendered":"Strat\u00e9gie"},"content":{"rendered":"\t\t<div data-elementor-type=\"wp-page\" data-elementor-id=\"1259\" class=\"elementor elementor-1259\">\n\t\t\t\t<div class=\"elementor-element elementor-element-619900a e-flex e-con-boxed e-con e-parent\" data-id=\"619900a\" data-element_type=\"container\" data-e-type=\"container\" data-settings=\"{&quot;background_background&quot;:&quot;classic&quot;}\">\n\t\t\t\t\t<div class=\"e-con-inner\">\n\t\t<div class=\"elementor-element elementor-element-ad657ba e-con-full e-flex e-con e-child\" data-id=\"ad657ba\" data-element_type=\"container\" data-e-type=\"container\">\n\t\t\t\t<div class=\"elementor-element elementor-element-039ed59 elementor-widget elementor-widget-heading\" data-id=\"039ed59\" data-element_type=\"widget\" data-e-type=\"widget\" data-widget_type=\"heading.default\">\n\t\t\t\t<div class=\"elementor-widget-container\">\n\t\t\t\t\t<h2 class=\"elementor-heading-title elementor-size-default\">Notre Strat\u00e9gie<\/h2>\t\t\t\t<\/div>\n\t\t\t\t<\/div>\n\t\t\t\t<\/div>\n\t\t\t\t\t<\/div>\n\t\t\t\t<\/div>\n\t\t<div class=\"elementor-element elementor-element-1ef3a37 e-flex e-con-boxed e-con e-parent\" data-id=\"1ef3a37\" data-element_type=\"container\" data-e-type=\"container\" data-settings=\"{&quot;background_background&quot;:&quot;classic&quot;}\">\n\t\t\t\t\t<div class=\"e-con-inner\">\n\t\t<div class=\"elementor-element elementor-element-0849015 e-con-full e-flex e-con e-child\" data-id=\"0849015\" data-element_type=\"container\" data-e-type=\"container\">\n\t\t\t\t<div class=\"elementor-element elementor-element-2078bfc elementor-widget elementor-widget-menu-anchor\" data-id=\"2078bfc\" data-element_type=\"widget\" data-e-type=\"widget\" data-widget_type=\"menu-anchor.default\">\n\t\t\t\t<div class=\"elementor-widget-container\">\n\t\t\t\t\t\t\t<div class=\"elementor-menu-anchor\" id=\"ns\"><\/div>\n\t\t\t\t\t\t<\/div>\n\t\t\t\t<\/div>\n\t\t\t\t<div class=\"elementor-element elementor-element-8e17bb3 elementor-widget elementor-widget-heading\" data-id=\"8e17bb3\" data-element_type=\"widget\" data-e-type=\"widget\" data-widget_type=\"heading.default\">\n\t\t\t\t<div class=\"elementor-widget-container\">\n\t\t\t\t\t<h2 class=\"elementor-heading-title elementor-size-default\">NOTRE STRAT\u00c9GIE<\/h2>\t\t\t\t<\/div>\n\t\t\t\t<\/div>\n\t\t<div class=\"elementor-element elementor-element-af6bb47 e-con-full e-flex e-con e-child\" data-id=\"af6bb47\" data-element_type=\"container\" data-e-type=\"container\">\n\t\t\t\t<div class=\"elementor-element elementor-element-cfcff29 elementor-widget elementor-widget-text-editor\" data-id=\"cfcff29\" data-element_type=\"widget\" data-e-type=\"widget\" data-widget_type=\"text-editor.default\">\n\t\t\t\t<div class=\"elementor-widget-container\">\n\t\t\t\t\t\t\t\t\tSur la base de sa vision, mission et de son analyse strat\u00e9gique, CELMAD a d\u00e9fini les axes strat\u00e9giques d\u2019intervention suivants et les objectifs strat\u00e9giques :\t\t\t\t\t\t\t\t<\/div>\n\t\t\t\t<\/div>\n\t\t\t\t<div class=\"elementor-element elementor-element-8b33a74 elementor-widget elementor-widget-text-editor\" data-id=\"8b33a74\" data-element_type=\"widget\" data-e-type=\"widget\" data-widget_type=\"text-editor.default\">\n\t\t\t\t<div class=\"elementor-widget-container\">\n\t\t\t\t\t\t\t\t\t<strong>Objectif g\u00e9n\u00e9ral :<\/strong> <br\/>\n\nLe CELMAD promeut une combinaison appropri\u00e9e de Leadership et de Management efficaces, notamment des femmes et des jeunes, par le renforcement des capacit\u00e9s des entit\u00e9s au niveau r\u00e9gional, national, local, et d\u00e9centralis\u00e9 incluant les secteurs public, priv\u00e9, parapublic, la soci\u00e9t\u00e9 civile et les m\u00e9dias, les communaut\u00e9s, les citoyennes et les citoyens. \t\t\t\t\t\t\t\t<\/div>\n\t\t\t\t<\/div>\n\t\t\t\t<div class=\"elementor-element elementor-element-dabff65 elementor-widget elementor-widget-text-editor\" data-id=\"dabff65\" data-element_type=\"widget\" data-e-type=\"widget\" data-widget_type=\"text-editor.default\">\n\t\t\t\t<div class=\"elementor-widget-container\">\n\t\t\t\t\t\t\t\t\t<p><strong>Axe 1 : Recherche, \u00e9tudes et plaidoyers en leadership et management combin\u00e9s<\/strong><\/p><ul><li>O.S. 1.1. D\u00e9velopper et mettre en \u0153uvre des projets de recherche sur les priorit\u00e9s africaines;<\/li><li>O.S. 1.2. Transformer les r\u00e9sultats de la recherche et des savoirs endog\u00e8nes en innovations et outils p\u00e9dagogiques pour le renforcement des capacit\u00e9s et la prospective;<\/li><li>O.S. 1.3. Diffuser les r\u00e9sultats via des publications, ateliers, conf\u00e9rences, et le Forum de Dakar sur le Leadership et le Management, pr\u00e9sentant le rapport et l\u2019index L&amp;M.<\/li><\/ul>\t\t\t\t\t\t\t\t<\/div>\n\t\t\t\t<\/div>\n\t\t\t\t<div class=\"elementor-element elementor-element-fbe02ac elementor-widget elementor-widget-text-editor\" data-id=\"fbe02ac\" data-element_type=\"widget\" data-e-type=\"widget\" data-widget_type=\"text-editor.default\">\n\t\t\t\t<div class=\"elementor-widget-container\">\n\t\t\t\t\t\t\t\t\t<p><strong>Axe 2 : \u00c9ducation, formation et renforcement des capacit\u00e9s<br \/><\/strong><\/p><ul><li>O.S. 2.1. Former et renforcer les capacit\u00e9s des citoyens, des communaut\u00e9s et de la soci\u00e9t\u00e9 civile, y compris par l\u2019\u00e9ducation citoyenne;<\/li><li>O.S. 2.2. Accompagner les entit\u00e9s publiques et priv\u00e9es aux niveaux local, national, r\u00e9gional et continental dans leur renforcement institutionnel;<\/li><li>O.S. 2.3. Partenariats et formations conjointes avec d\u2019autres Centres ou Acad\u00e9mies ou Instituts.<\/li><\/ul>\t\t\t\t\t\t\t\t<\/div>\n\t\t\t\t<\/div>\n\t\t\t\t<div class=\"elementor-element elementor-element-4145886 elementor-widget elementor-widget-text-editor\" data-id=\"4145886\" data-element_type=\"widget\" data-e-type=\"widget\" data-widget_type=\"text-editor.default\">\n\t\t\t\t<div class=\"elementor-widget-container\">\n\t\t\t\t\t\t\t\t\t<p><strong>Axe 3 : Accompagnement en management et leadership pour la transformation syst\u00e9mique<br \/><\/strong><\/p><ul><li>O.S. 3.1. R\u00e9aliser des diagnostics, co-cr\u00e9er des solutions pour les politiques publiques et d\u00e9velopper des laboratoires d\u2019innovation;<\/li><li>O.S. 3.2. Fournir des conseils sp\u00e9cialis\u00e9s, du mentoring et du coaching pour renforcer la r\u00e9silience, les comp\u00e9tences strat\u00e9giques et les performances des acteurs.rices;<\/li><li>O.S. 3.3. Promouvoir des outils et approches ax\u00e9s sur la prospective, les donn\u00e9es d\u00e9sagr\u00e9g\u00e9es et les n\u00e9gociations strat\u00e9giques pour positionner l\u2019Afrique dans la gouvernance mondiale.<\/li><\/ul>\t\t\t\t\t\t\t\t<\/div>\n\t\t\t\t<\/div>\n\t\t\t\t<div class=\"elementor-element elementor-element-a244231 elementor-widget elementor-widget-text-editor\" data-id=\"a244231\" data-element_type=\"widget\" data-e-type=\"widget\" data-widget_type=\"text-editor.default\">\n\t\t\t\t<div class=\"elementor-widget-container\">\n\t\t\t\t\t\t\t\t\t<p><strong>Axe 4 : Gouvernance et D\u00e9veloppement institutionnel du CELMAD<br \/><\/strong><\/p><ul><li>OS 4.1. Faire du CELMAD une structure de r\u00e9f\u00e9rence en mati\u00e8re de Leadership et Management combin\u00e9s sur le continent, notamment dans la recherche, les innovations, la valorisation des connaissances et savoirs et l\u2019accompagnement;<\/li><li>OS 4.2. Mettre en \u0153uvre des strat\u00e9gies novatrices en gouvernance interne fonctionnelle, en r\u00e9seautage, en partenariat et mobilisation de ressources;<\/li><li>OS 4.2. Asseoir une visibilit\u00e9 \u00e0 travers une strat\u00e9gie, un plan et des produits de communication adapt\u00e9s bas\u00e9s sur des bonnes pratiques.<\/li><\/ul>\t\t\t\t\t\t\t\t<\/div>\n\t\t\t\t<\/div>\n\t\t\t\t<\/div>\n\t\t\t\t<\/div>\n\t\t<div class=\"elementor-element elementor-element-bb4691f e-flex e-con-boxed e-con e-child\" data-id=\"bb4691f\" data-element_type=\"container\" data-e-type=\"container\" data-settings=\"{&quot;background_background&quot;:&quot;classic&quot;}\">\n\t\t\t\t\t<div class=\"e-con-inner\">\n\t\t\t\t<div class=\"elementor-element elementor-element-c27992f elementor-view-default elementor-widget elementor-widget-icon\" data-id=\"c27992f\" data-element_type=\"widget\" data-e-type=\"widget\" data-widget_type=\"icon.default\">\n\t\t\t\t<div class=\"elementor-widget-container\">\n\t\t\t\t\t\t\t<div class=\"elementor-icon-wrapper\">\n\t\t\t<div class=\"elementor-icon\">\n\t\t\t<svg aria-hidden=\"true\" class=\"e-font-icon-svg e-fas-level-up-alt\" viewBox=\"0 0 320 512\" xmlns=\"http:\/\/www.w3.org\/2000\/svg\"><path d=\"M313.553 119.669L209.587 7.666c-9.485-10.214-25.676-10.229-35.174 0L70.438 119.669C56.232 134.969 67.062 160 88.025 160H152v272H68.024a11.996 11.996 0 0 0-8.485 3.515l-56 56C-4.021 499.074 1.333 512 12.024 512H208c13.255 0 24-10.745 24-24V160h63.966c20.878 0 31.851-24.969 17.587-40.331z\"><\/path><\/svg>\t\t\t<\/div>\n\t\t<\/div>\n\t\t\t\t\t\t<\/div>\n\t\t\t\t<\/div>\n\t\t\t\t\t<\/div>\n\t\t\t\t<\/div>\n\t\t\t\t\t<\/div>\n\t\t\t\t<\/div>\n\t\t<div class=\"elementor-element elementor-element-6919c5d e-flex e-con-boxed e-con e-parent\" data-id=\"6919c5d\" data-element_type=\"container\" data-e-type=\"container\">\n\t\t\t\t\t<div class=\"e-con-inner\">\n\t\t\t\t<div class=\"elementor-element elementor-element-08e5475 elementor-widget elementor-widget-spacer\" data-id=\"08e5475\" data-element_type=\"widget\" data-e-type=\"widget\" data-widget_type=\"spacer.default\">\n\t\t\t\t<div class=\"elementor-widget-container\">\n\t\t\t\t\t\t\t<div class=\"elementor-spacer\">\n\t\t\t<div class=\"elementor-spacer-inner\"><\/div>\n\t\t<\/div>\n\t\t\t\t\t\t<\/div>\n\t\t\t\t<\/div>\n\t\t\t\t\t<\/div>\n\t\t\t\t<\/div>\n\t\t<div class=\"elementor-element elementor-element-36ca7ac e-flex e-con-boxed e-con e-parent\" data-id=\"36ca7ac\" data-element_type=\"container\" data-e-type=\"container\">\n\t\t\t\t\t<div class=\"e-con-inner\">\n\t\t<div class=\"elementor-element elementor-element-2872179 e-con-full e-flex e-con e-child\" data-id=\"2872179\" data-element_type=\"container\" data-e-type=\"container\">\n\t\t\t\t<div class=\"elementor-element elementor-element-69026da elementor-widget elementor-widget-menu-anchor\" data-id=\"69026da\" data-element_type=\"widget\" data-e-type=\"widget\" data-widget_type=\"menu-anchor.default\">\n\t\t\t\t<div class=\"elementor-widget-container\">\n\t\t\t\t\t\t\t<div class=\"elementor-menu-anchor\" id=\"aa\"><\/div>\n\t\t\t\t\t\t<\/div>\n\t\t\t\t<\/div>\n\t\t\t\t<div class=\"elementor-element elementor-element-eba607e elementor-widget elementor-widget-heading\" data-id=\"eba607e\" data-element_type=\"widget\" data-e-type=\"widget\" data-widget_type=\"heading.default\">\n\t\t\t\t<div class=\"elementor-widget-container\">\n\t\t\t\t\t<h2 class=\"elementor-heading-title elementor-size-default\">NOTRE APPROCHE<\/h2>\t\t\t\t<\/div>\n\t\t\t\t<\/div>\n\t\t<div class=\"elementor-element elementor-element-9fca87e e-con-full e-flex e-con e-child\" data-id=\"9fca87e\" data-element_type=\"container\" data-e-type=\"container\">\n\t\t\t\t<div class=\"elementor-element elementor-element-44de645 elementor-widget elementor-widget-text-editor\" data-id=\"44de645\" data-element_type=\"widget\" data-e-type=\"widget\" data-widget_type=\"text-editor.default\">\n\t\t\t\t<div class=\"elementor-widget-container\">\n\t\t\t\t\t\t\t\t\t<ul>\n \t<li>R\u00e9flexion et action (\u00ab\u00a0think-act\u00a0\u00bb)<\/li>\n \t<li>Solutions endog\u00e8nes et innovantes en leadership et management.<\/li>\n \t<li>Utilisation des TIC, l\u2019IA et analyses situationnelles et prospectives<\/li>\n \t<li>Focus sur jeunes et femmes<\/li>\n \t<li>Alignement sur priorit\u00e9s nationales, co \u2013 cr\u00e9ation et int\u00e9gration id\u00e9es citoyennes<\/li>\n \t<li>Cadre novateur : L&amp; M, Approche Sprinthonienne et ILMC.<\/li>\n<\/ul>\t\t\t\t\t\t\t\t<\/div>\n\t\t\t\t<\/div>\n\t\t\t\t<div class=\"elementor-element elementor-element-a0136d6 elementor-widget elementor-widget-text-editor\" data-id=\"a0136d6\" data-element_type=\"widget\" data-e-type=\"widget\" data-widget_type=\"text-editor.default\">\n\t\t\t\t<div class=\"elementor-widget-container\">\n\t\t\t\t\t\t\t\t\tLe CELMAD adopte une approche syst\u00e9mique combin\u00e9e de leadership transformationnel et de management contextualis\u00e9 et innovant, reposant sur :\t\t\t\t\t\t\t\t<\/div>\n\t\t\t\t<\/div>\n\t\t\t\t<div class=\"elementor-element elementor-element-0ae1d3a elementor-widget elementor-widget-text-editor\" data-id=\"0ae1d3a\" data-element_type=\"widget\" data-e-type=\"widget\" data-widget_type=\"text-editor.default\">\n\t\t\t\t<div class=\"elementor-widget-container\">\n\t\t\t\t\t\t\t\t\t<ul><li><strong>L\u2019apprentissage par l\u2019exp\u00e9rience<\/strong> et la r\u00e9flexion guidant l\u2019action (think-act) ;<\/li><li><strong>La gestion des transformations syst\u00e9miques<\/strong>, favorisant intelligence collective, synergies et compl\u00e9mentarit\u00e9 ;<\/li><li><strong>La valorisation des savoirs universels et endog\u00e8nes<\/strong>, leur capitalisation et transmission ;<\/li><li><strong>Les processus de changement syst\u00e9mique<\/strong>, ancr\u00e9s dans les valeurs africaines ;<\/li><li><strong>L\u2019utilisation des technologies<\/strong> (TIC, IA, big data) et de la prospective ;<\/li><\/ul>\t\t\t\t\t\t\t\t<\/div>\n\t\t\t\t<\/div>\n\t\t\t\t<div class=\"elementor-element elementor-element-f295ee1 elementor-widget elementor-widget-text-editor\" data-id=\"f295ee1\" data-element_type=\"widget\" data-e-type=\"widget\" data-widget_type=\"text-editor.default\">\n\t\t\t\t<div class=\"elementor-widget-container\">\n\t\t\t\t\t\t\t\t\tL\u2019approche inclut des <strong>partenariats strat\u00e9giques<\/strong> et mobilise des acteurs cr\u00e9atifs dans divers domaines pour renforcer la co-cr\u00e9ation et la co-action ; <br\/><br\/>\n\nCe large partenariat diversifi\u00e9 et inclusif comprendra notamment : Citoyen(ne)s et communaut\u00e9s ; Gouvernements et institutions r\u00e9gionales ; Secteurs priv\u00e9s ; Soci\u00e9t\u00e9 civile ; Mouvements de femmes, de jeunes et de personnes vuln\u00e9rables ; Structures de recherche et de formation, Think tanks ; M\u00e9dias et plateformes digitales.\t\t\t\t\t\t\t\t<\/div>\n\t\t\t\t<\/div>\n\t\t\t\t<div class=\"elementor-element elementor-element-4081285 elementor-widget elementor-widget-text-editor\" data-id=\"4081285\" data-element_type=\"widget\" data-e-type=\"widget\" data-widget_type=\"text-editor.default\">\n\t\t\t\t<div class=\"elementor-widget-container\">\n\t\t\t\t\t\t\t\t\t<p>L\u2019action de CELMAD repose sur une approche duale :<\/p><ul><li><strong>Horizontale<\/strong> : Favoriser les \u00e9changes intra et inter-groupes pour enrichir les discussions et les id\u00e9es.<\/li><li><strong>Verticale<\/strong> : Une dynamique descendante (top-down) pour tester les politiques publiques face aux r\u00e9alit\u00e9s sociales, et ascendante (bottom-up) pour int\u00e9grer les exp\u00e9riences locales dans les d\u00e9cisions et trajectoires soci\u00e9tales.<\/li><\/ul><p>Cette approche garantit des actions conjointes et une redevabilit\u00e9 mutuelle pour un impact durable.<\/p>\t\t\t\t\t\t\t\t<\/div>\n\t\t\t\t<\/div>\n\t\t\t\t<\/div>\n\t\t\t\t<\/div>\n\t\t<div class=\"elementor-element elementor-element-e398aeb e-flex e-con-boxed e-con e-child\" data-id=\"e398aeb\" data-element_type=\"container\" data-e-type=\"container\" data-settings=\"{&quot;background_background&quot;:&quot;classic&quot;}\">\n\t\t\t\t\t<div class=\"e-con-inner\">\n\t\t\t\t<div class=\"elementor-element elementor-element-2279192 elementor-view-default elementor-widget elementor-widget-icon\" data-id=\"2279192\" data-element_type=\"widget\" data-e-type=\"widget\" data-widget_type=\"icon.default\">\n\t\t\t\t<div class=\"elementor-widget-container\">\n\t\t\t\t\t\t\t<div class=\"elementor-icon-wrapper\">\n\t\t\t<div class=\"elementor-icon\">\n\t\t\t<svg aria-hidden=\"true\" class=\"e-font-icon-svg e-fas-route\" viewBox=\"0 0 512 512\" xmlns=\"http:\/\/www.w3.org\/2000\/svg\"><path d=\"M416 320h-96c-17.6 0-32-14.4-32-32s14.4-32 32-32h96s96-107 96-160-43-96-96-96-96 43-96 96c0 25.5 22.2 63.4 45.3 96H320c-52.9 0-96 43.1-96 96s43.1 96 96 96h96c17.6 0 32 14.4 32 32s-14.4 32-32 32H185.5c-16 24.8-33.8 47.7-47.3 64H416c52.9 0 96-43.1 96-96s-43.1-96-96-96zm0-256c17.7 0 32 14.3 32 32s-14.3 32-32 32-32-14.3-32-32 14.3-32 32-32zM96 256c-53 0-96 43-96 96s96 160 96 160 96-107 96-160-43-96-96-96zm0 128c-17.7 0-32-14.3-32-32s14.3-32 32-32 32 14.3 32 32-14.3 32-32 32z\"><\/path><\/svg>\t\t\t<\/div>\n\t\t<\/div>\n\t\t\t\t\t\t<\/div>\n\t\t\t\t<\/div>\n\t\t\t\t\t<\/div>\n\t\t\t\t<\/div>\n\t\t\t\t\t<\/div>\n\t\t\t\t<\/div>\n\t\t<div class=\"elementor-element elementor-element-332d823 e-flex e-con-boxed e-con e-parent\" data-id=\"332d823\" data-element_type=\"container\" data-e-type=\"container\">\n\t\t\t\t\t<div class=\"e-con-inner\">\n\t\t\t\t<div class=\"elementor-element elementor-element-37970a3 elementor-widget elementor-widget-spacer\" data-id=\"37970a3\" data-element_type=\"widget\" data-e-type=\"widget\" data-widget_type=\"spacer.default\">\n\t\t\t\t<div class=\"elementor-widget-container\">\n\t\t\t\t\t\t\t<div class=\"elementor-spacer\">\n\t\t\t<div class=\"elementor-spacer-inner\"><\/div>\n\t\t<\/div>\n\t\t\t\t\t\t<\/div>\n\t\t\t\t<\/div>\n\t\t\t\t\t<\/div>\n\t\t\t\t<\/div>\n\t\t\t\t<\/div>\n\t\t","protected":false},"excerpt":{"rendered":"<p>Notre Strat\u00e9gie NOTRE STRAT\u00c9GIE Sur la base de sa vision, mission et de son analyse strat\u00e9gique, CELMAD a d\u00e9fini les [&hellip;]<\/p>\n","protected":false},"author":2,"featured_media":0,"parent":0,"menu_order":0,"comment_status":"closed","ping_status":"closed","template":"","meta":{"site-sidebar-layout":"no-sidebar","site-content-layout":"","ast-site-content-layout":"full-width-container","site-content-style":"default","site-sidebar-style":"default","ast-global-header-display":"","ast-banner-title-visibility":"","ast-main-header-display":"","ast-hfb-above-header-display":"","ast-hfb-below-header-display":"","ast-hfb-mobile-header-display":"","site-post-title":"disabled","ast-breadcrumbs-content":"","ast-featured-img":"disabled","footer-sml-layout":"","theme-transparent-header-meta":"","adv-header-id-meta":"","stick-header-meta":"","header-above-stick-meta":"","header-main-stick-meta":"","header-below-stick-meta":"","astra-migrate-meta-layouts":"default","ast-page-background-enabled":"default","ast-page-background-meta":{"desktop":{"background-color":"var(--ast-global-color-4)","background-image":"","background-repeat":"repeat","background-position":"center center","background-size":"auto","background-attachment":"scroll","background-type":"","background-media":"","overlay-type":"","overlay-color":"","overlay-opacity":"","overlay-gradient":""},"tablet":{"background-color":"","background-image":"","background-repeat":"repeat","background-position":"center center","background-size":"auto","background-attachment":"scroll","background-type":"","background-media":"","overlay-type":"","overlay-color":"","overlay-opacity":"","overlay-gradient":""},"mobile":{"background-color":"","background-image":"","background-repeat":"repeat","background-position":"center center","background-size":"auto","background-attachment":"scroll","background-type":"","background-media":"","overlay-type":"","overlay-color":"","overlay-opacity":"","overlay-gradient":""}},"ast-content-background-meta":{"desktop":{"background-color":"var(--ast-global-color-5)","background-image":"","background-repeat":"repeat","background-position":"center center","background-size":"auto","background-attachment":"scroll","background-type":"","background-media":"","overlay-type":"","overlay-color":"","overlay-opacity":"","overlay-gradient":""},"tablet":{"background-color":"var(--ast-global-color-5)","background-image":"","background-repeat":"repeat","background-position":"center center","background-size":"auto","background-attachment":"scroll","background-type":"","background-media":"","overlay-type":"","overlay-color":"","overlay-opacity":"","overlay-gradient":""},"mobile":{"background-color":"var(--ast-global-color-5)","background-image":"","background-repeat":"repeat","background-position":"center center","background-size":"auto","background-attachment":"scroll","background-type":"","background-media":"","overlay-type":"","overlay-color":"","overlay-opacity":"","overlay-gradient":""}},"footnotes":""},"class_list":["post-1259","page","type-page","status-publish","hentry"],"yoast_head":"<!-- This site is optimized with the Yoast SEO plugin v27.3 - https:\/\/yoast.com\/product\/yoast-seo-wordpress\/ -->\n<title>Strat\u00e9gie - CELMAD<\/title>\n<meta name=\"robots\" content=\"index, follow, max-snippet:-1, max-image-preview:large, max-video-preview:-1\" \/>\n<link rel=\"canonical\" href=\"https:\/\/celmad.org\/fr\/strategie\/\" \/>\n<meta property=\"og:locale\" content=\"fr_FR\" \/>\n<meta property=\"og:type\" content=\"article\" \/>\n<meta property=\"og:title\" content=\"Strat\u00e9gie - CELMAD\" \/>\n<meta property=\"og:description\" content=\"Notre Strat\u00e9gie NOTRE STRAT\u00c9GIE Sur la base de sa vision, mission et de son analyse strat\u00e9gique, CELMAD a d\u00e9fini les [&hellip;]\" \/>\n<meta property=\"og:url\" content=\"https:\/\/celmad.org\/fr\/strategie\/\" \/>\n<meta property=\"og:site_name\" content=\"CELMAD\" \/>\n<meta property=\"article:modified_time\" content=\"2025-09-05T11:24:00+00:00\" \/>\n<meta name=\"twitter:card\" content=\"summary_large_image\" \/>\n<meta name=\"twitter:label1\" content=\"Dur\u00e9e de lecture estim\u00e9e\" \/>\n\t<meta name=\"twitter:data1\" content=\"3 minutes\" \/>\n<script type=\"application\/ld+json\" class=\"yoast-schema-graph\">{\"@context\":\"https:\\\/\\\/schema.org\",\"@graph\":[{\"@type\":\"WebPage\",\"@id\":\"https:\\\/\\\/celmad.org\\\/fr\\\/strategie\\\/\",\"url\":\"https:\\\/\\\/celmad.org\\\/fr\\\/strategie\\\/\",\"name\":\"Strat\u00e9gie - CELMAD\",\"isPartOf\":{\"@id\":\"https:\\\/\\\/celmad.org\\\/fr\\\/#website\"},\"datePublished\":\"2024-12-20T12:50:01+00:00\",\"dateModified\":\"2025-09-05T11:24:00+00:00\",\"breadcrumb\":{\"@id\":\"https:\\\/\\\/celmad.org\\\/fr\\\/strategie\\\/#breadcrumb\"},\"inLanguage\":\"fr-FR\",\"potentialAction\":[{\"@type\":\"ReadAction\",\"target\":[\"https:\\\/\\\/celmad.org\\\/fr\\\/strategie\\\/\"]}]},{\"@type\":\"BreadcrumbList\",\"@id\":\"https:\\\/\\\/celmad.org\\\/fr\\\/strategie\\\/#breadcrumb\",\"itemListElement\":[{\"@type\":\"ListItem\",\"position\":1,\"name\":\"Home\",\"item\":\"https:\\\/\\\/celmad.org\\\/\"},{\"@type\":\"ListItem\",\"position\":2,\"name\":\"Strat\u00e9gie\"}]},{\"@type\":\"WebSite\",\"@id\":\"https:\\\/\\\/celmad.org\\\/fr\\\/#website\",\"url\":\"https:\\\/\\\/celmad.org\\\/fr\\\/\",\"name\":\"CELMAD\",\"description\":\"\",\"publisher\":{\"@id\":\"https:\\\/\\\/celmad.org\\\/fr\\\/#organization\"},\"potentialAction\":[{\"@type\":\"SearchAction\",\"target\":{\"@type\":\"EntryPoint\",\"urlTemplate\":\"https:\\\/\\\/celmad.org\\\/fr\\\/?s={search_term_string}\"},\"query-input\":{\"@type\":\"PropertyValueSpecification\",\"valueRequired\":true,\"valueName\":\"search_term_string\"}}],\"inLanguage\":\"fr-FR\"},{\"@type\":\"Organization\",\"@id\":\"https:\\\/\\\/celmad.org\\\/fr\\\/#organization\",\"name\":\"CELMAD\",\"url\":\"https:\\\/\\\/celmad.org\\\/fr\\\/\",\"logo\":{\"@type\":\"ImageObject\",\"inLanguage\":\"fr-FR\",\"@id\":\"https:\\\/\\\/celmad.org\\\/fr\\\/#\\\/schema\\\/logo\\\/image\\\/\",\"url\":\"https:\\\/\\\/celmad.org\\\/wp-content\\\/uploads\\\/2025\\\/01\\\/Image-5-from-Figma.png\",\"contentUrl\":\"https:\\\/\\\/celmad.org\\\/wp-content\\\/uploads\\\/2025\\\/01\\\/Image-5-from-Figma.png\",\"width\":1368,\"height\":772,\"caption\":\"CELMAD\"},\"image\":{\"@id\":\"https:\\\/\\\/celmad.org\\\/fr\\\/#\\\/schema\\\/logo\\\/image\\\/\"}}]}<\/script>\n<!-- \/ Yoast SEO plugin. -->","yoast_head_json":{"title":"Strat\u00e9gie - CELMAD","robots":{"index":"index","follow":"follow","max-snippet":"max-snippet:-1","max-image-preview":"max-image-preview:large","max-video-preview":"max-video-preview:-1"},"canonical":"https:\/\/celmad.org\/fr\/strategie\/","og_locale":"fr_FR","og_type":"article","og_title":"Strat\u00e9gie - CELMAD","og_description":"Notre Strat\u00e9gie NOTRE STRAT\u00c9GIE Sur la base de sa vision, mission et de son analyse strat\u00e9gique, CELMAD a d\u00e9fini les [&hellip;]","og_url":"https:\/\/celmad.org\/fr\/strategie\/","og_site_name":"CELMAD","article_modified_time":"2025-09-05T11:24:00+00:00","twitter_card":"summary_large_image","twitter_misc":{"Dur\u00e9e de lecture estim\u00e9e":"3 minutes"},"schema":{"@context":"https:\/\/schema.org","@graph":[{"@type":"WebPage","@id":"https:\/\/celmad.org\/fr\/strategie\/","url":"https:\/\/celmad.org\/fr\/strategie\/","name":"Strat\u00e9gie - CELMAD","isPartOf":{"@id":"https:\/\/celmad.org\/fr\/#website"},"datePublished":"2024-12-20T12:50:01+00:00","dateModified":"2025-09-05T11:24:00+00:00","breadcrumb":{"@id":"https:\/\/celmad.org\/fr\/strategie\/#breadcrumb"},"inLanguage":"fr-FR","potentialAction":[{"@type":"ReadAction","target":["https:\/\/celmad.org\/fr\/strategie\/"]}]},{"@type":"BreadcrumbList","@id":"https:\/\/celmad.org\/fr\/strategie\/#breadcrumb","itemListElement":[{"@type":"ListItem","position":1,"name":"Home","item":"https:\/\/celmad.org\/"},{"@type":"ListItem","position":2,"name":"Strat\u00e9gie"}]},{"@type":"WebSite","@id":"https:\/\/celmad.org\/fr\/#website","url":"https:\/\/celmad.org\/fr\/","name":"CELMAD","description":"","publisher":{"@id":"https:\/\/celmad.org\/fr\/#organization"},"potentialAction":[{"@type":"SearchAction","target":{"@type":"EntryPoint","urlTemplate":"https:\/\/celmad.org\/fr\/?s={search_term_string}"},"query-input":{"@type":"PropertyValueSpecification","valueRequired":true,"valueName":"search_term_string"}}],"inLanguage":"fr-FR"},{"@type":"Organization","@id":"https:\/\/celmad.org\/fr\/#organization","name":"CELMAD","url":"https:\/\/celmad.org\/fr\/","logo":{"@type":"ImageObject","inLanguage":"fr-FR","@id":"https:\/\/celmad.org\/fr\/#\/schema\/logo\/image\/","url":"https:\/\/celmad.org\/wp-content\/uploads\/2025\/01\/Image-5-from-Figma.png","contentUrl":"https:\/\/celmad.org\/wp-content\/uploads\/2025\/01\/Image-5-from-Figma.png","width":1368,"height":772,"caption":"CELMAD"},"image":{"@id":"https:\/\/celmad.org\/fr\/#\/schema\/logo\/image\/"}}]}},"_links":{"self":[{"href":"https:\/\/celmad.org\/fr\/wp-json\/wp\/v2\/pages\/1259","targetHints":{"allow":["GET"]}}],"collection":[{"href":"https:\/\/celmad.org\/fr\/wp-json\/wp\/v2\/pages"}],"about":[{"href":"https:\/\/celmad.org\/fr\/wp-json\/wp\/v2\/types\/page"}],"author":[{"embeddable":true,"href":"https:\/\/celmad.org\/fr\/wp-json\/wp\/v2\/users\/2"}],"replies":[{"embeddable":true,"href":"https:\/\/celmad.org\/fr\/wp-json\/wp\/v2\/comments?post=1259"}],"version-history":[{"count":58,"href":"https:\/\/celmad.org\/fr\/wp-json\/wp\/v2\/pages\/1259\/revisions"}],"predecessor-version":[{"id":1839,"href":"https:\/\/celmad.org\/fr\/wp-json\/wp\/v2\/pages\/1259\/revisions\/1839"}],"wp:attachment":[{"href":"https:\/\/celmad.org\/fr\/wp-json\/wp\/v2\/media?parent=1259"}],"curies":[{"name":"wp","href":"https:\/\/api.w.org\/{rel}","templated":true}]}}