{"id":1318,"date":"2024-12-20T13:41:35","date_gmt":"2024-12-20T13:41:35","guid":{"rendered":"https:\/\/celmad.org\/?page_id=1318"},"modified":"2025-03-19T16:08:03","modified_gmt":"2025-03-19T16:08:03","slug":"domaines-daction","status":"publish","type":"page","link":"https:\/\/celmad.org\/fr\/domaines-daction\/","title":{"rendered":"Domaines d&rsquo;action"},"content":{"rendered":"\t\t<div data-elementor-type=\"wp-page\" data-elementor-id=\"1318\" class=\"elementor elementor-1318\">\n\t\t\t\t<div class=\"elementor-element elementor-element-be7ed9f e-flex e-con-boxed e-con e-parent\" data-id=\"be7ed9f\" data-element_type=\"container\" data-e-type=\"container\" data-settings=\"{&quot;background_background&quot;:&quot;classic&quot;}\">\n\t\t\t\t\t<div class=\"e-con-inner\">\n\t\t<div class=\"elementor-element elementor-element-52ca535 e-con-full e-flex e-con e-child\" data-id=\"52ca535\" data-element_type=\"container\" data-e-type=\"container\">\n\t\t\t\t<div class=\"elementor-element elementor-element-f1deee3 elementor-widget elementor-widget-heading\" data-id=\"f1deee3\" data-element_type=\"widget\" data-e-type=\"widget\" data-widget_type=\"heading.default\">\n\t\t\t\t<div class=\"elementor-widget-container\">\n\t\t\t\t\t<h2 class=\"elementor-heading-title elementor-size-default\">Domaines d'action<\/h2>\t\t\t\t<\/div>\n\t\t\t\t<\/div>\n\t\t\t\t<\/div>\n\t\t\t\t\t<\/div>\n\t\t\t\t<\/div>\n\t\t<div class=\"elementor-element elementor-element-c44b9b8 e-flex e-con-boxed e-con e-parent\" data-id=\"c44b9b8\" data-element_type=\"container\" data-e-type=\"container\">\n\t\t\t\t\t<div class=\"e-con-inner\">\n\t\t\t\t<div class=\"elementor-element elementor-element-4cd4297 elementor-widget elementor-widget-spacer\" data-id=\"4cd4297\" data-element_type=\"widget\" data-e-type=\"widget\" data-widget_type=\"spacer.default\">\n\t\t\t\t<div class=\"elementor-widget-container\">\n\t\t\t\t\t\t\t<div class=\"elementor-spacer\">\n\t\t\t<div class=\"elementor-spacer-inner\"><\/div>\n\t\t<\/div>\n\t\t\t\t\t\t<\/div>\n\t\t\t\t<\/div>\n\t\t\t\t\t<\/div>\n\t\t\t\t<\/div>\n\t\t<div class=\"elementor-element elementor-element-e234c49 e-flex e-con-boxed e-con e-parent\" data-id=\"e234c49\" data-element_type=\"container\" data-e-type=\"container\" data-settings=\"{&quot;background_background&quot;:&quot;classic&quot;}\">\n\t\t\t\t\t<div class=\"e-con-inner\">\n\t\t<div class=\"elementor-element elementor-element-50bea85 e-con-full e-flex e-con e-child\" data-id=\"50bea85\" data-element_type=\"container\" data-e-type=\"container\" data-settings=\"{&quot;background_background&quot;:&quot;classic&quot;}\">\n\t\t\t\t<div class=\"elementor-element elementor-element-f6292e1 elementor-widget elementor-widget-heading\" data-id=\"f6292e1\" data-element_type=\"widget\" data-e-type=\"widget\" data-widget_type=\"heading.default\">\n\t\t\t\t<div class=\"elementor-widget-container\">\n\t\t\t\t\t<h2 class=\"elementor-heading-title elementor-size-default\">Domaines d\u2019action<\/h2>\t\t\t\t<\/div>\n\t\t\t\t<\/div>\n\t\t\t\t<div class=\"elementor-element elementor-element-33310f2 elementor-widget elementor-widget-text-editor\" data-id=\"33310f2\" data-element_type=\"widget\" data-e-type=\"widget\" data-widget_type=\"text-editor.default\">\n\t\t\t\t<div class=\"elementor-widget-container\">\n\t\t\t\t\t\t\t\t\t<p>Les interventions de CELMAD concernent essentiellement les domaines suivants :<\/p>\n<ul>\n<li>Etat de droit, D\u00e9mocratie et Politique;<\/li>\n<li>Economie, Soci\u00e9t\u00e9s et Finance;<\/li>\n<li>Leadership, management, approches syst\u00e9miques;<\/li>\n<li>Positionnement de l\u2019Afrique dans la gouvernance mondiale;<\/li>\n<li>Leadership transformationnel;<\/li>\n<li>Analyse continue et \u00e9tudes prospectives pour pertinence.<\/li>\n<\/ul>\n<p>Analyser l\u2019environnement et de conduire des \u00e9tudes prospectives afin de s\u2019assurer de toujours demeurer pertinente, y compris en int\u00e9grant de nouveaux domaines.<\/p>\n<p>Les \u00e9l\u00e9ments transversaux sous-tendant ces domaines sont notamment :<\/p>\n<ol>\n<li>Droits humains, Etat de droit et primaut\u00e9 du droit en g\u00e9n\u00e9ral;<\/li>\n<li>Leadership des femmes et des jeunes;<\/li>\n<li>Education \u00e0 la citoyennet\u00e9;<\/li>\n<li>TIC, intelligence artificielle, donn\u00e9es et prospective;<\/li>\n<li>Partenariats et r\u00e9seaux;<\/li>\n<li>Interdisciplinarit\u00e9, syst\u00e9mie et Intersectorialit\u00e9;<\/li>\n<li>Environnement et changement climatique.<\/li>\n<\/ol>\t\t\t\t\t\t\t\t<\/div>\n\t\t\t\t<\/div>\n\t\t\t\t<\/div>\n\t\t\t\t\t<\/div>\n\t\t\t\t<\/div>\n\t\t<div class=\"elementor-element elementor-element-b851607 e-flex e-con-boxed e-con e-parent\" data-id=\"b851607\" data-element_type=\"container\" data-e-type=\"container\">\n\t\t\t\t\t<div class=\"e-con-inner\">\n\t\t\t\t<div class=\"elementor-element elementor-element-289a8d1 elementor-widget elementor-widget-spacer\" data-id=\"289a8d1\" data-element_type=\"widget\" data-e-type=\"widget\" data-widget_type=\"spacer.default\">\n\t\t\t\t<div class=\"elementor-widget-container\">\n\t\t\t\t\t\t\t<div class=\"elementor-spacer\">\n\t\t\t<div class=\"elementor-spacer-inner\"><\/div>\n\t\t<\/div>\n\t\t\t\t\t\t<\/div>\n\t\t\t\t<\/div>\n\t\t\t\t\t<\/div>\n\t\t\t\t<\/div>\n\t\t\t\t<\/div>\n\t\t","protected":false},"excerpt":{"rendered":"<p>Domaines d&rsquo;action Domaines d\u2019action Les interventions de CELMAD concernent essentiellement les domaines suivants : Etat de droit, D\u00e9mocratie et Politique; [&hellip;]<\/p>\n","protected":false},"author":2,"featured_media":0,"parent":0,"menu_order":0,"comment_status":"closed","ping_status":"closed","template":"","meta":{"site-sidebar-layout":"no-sidebar","site-content-layout":"","ast-site-content-layout":"full-width-container","site-content-style":"default","site-sidebar-style":"default","ast-global-header-display":"","ast-banner-title-visibility":"","ast-main-header-display":"","ast-hfb-above-header-display":"","ast-hfb-below-header-display":"","ast-hfb-mobile-header-display":"","site-post-title":"disabled","ast-breadcrumbs-content":"","ast-featured-img":"disabled","footer-sml-layout":"","theme-transparent-header-meta":"","adv-header-id-meta":"","stick-header-meta":"","header-above-stick-meta":"","header-main-stick-meta":"","header-below-stick-meta":"","astra-migrate-meta-layouts":"default","ast-page-background-enabled":"default","ast-page-background-meta":{"desktop":{"background-color":"var(--ast-global-color-4)","background-image":"","background-repeat":"repeat","background-position":"center center","background-size":"auto","background-attachment":"scroll","background-type":"","background-media":"","overlay-type":"","overlay-color":"","overlay-opacity":"","overlay-gradient":""},"tablet":{"background-color":"","background-image":"","background-repeat":"repeat","background-position":"center center","background-size":"auto","background-attachment":"scroll","background-type":"","background-media":"","overlay-type":"","overlay-color":"","overlay-opacity":"","overlay-gradient":""},"mobile":{"background-color":"","background-image":"","background-repeat":"repeat","background-position":"center center","background-size":"auto","background-attachment":"scroll","background-type":"","background-media":"","overlay-type":"","overlay-color":"","overlay-opacity":"","overlay-gradient":""}},"ast-content-background-meta":{"desktop":{"background-color":"var(--ast-global-color-5)","background-image":"","background-repeat":"repeat","background-position":"center center","background-size":"auto","background-attachment":"scroll","background-type":"","background-media":"","overlay-type":"","overlay-color":"","overlay-opacity":"","overlay-gradient":""},"tablet":{"background-color":"var(--ast-global-color-5)","background-image":"","background-repeat":"repeat","background-position":"center center","background-size":"auto","background-attachment":"scroll","background-type":"","background-media":"","overlay-type":"","overlay-color":"","overlay-opacity":"","overlay-gradient":""},"mobile":{"background-color":"var(--ast-global-color-5)","background-image":"","background-repeat":"repeat","background-position":"center center","background-size":"auto","background-attachment":"scroll","background-type":"","background-media":"","overlay-type":"","overlay-color":"","overlay-opacity":"","overlay-gradient":""}},"footnotes":""},"class_list":["post-1318","page","type-page","status-publish","hentry"],"yoast_head":"<!-- This site is optimized with the Yoast SEO plugin v27.3 - https:\/\/yoast.com\/product\/yoast-seo-wordpress\/ -->\n<title>Domaines d&#039;action - CELMAD<\/title>\n<meta name=\"robots\" content=\"index, follow, max-snippet:-1, max-image-preview:large, max-video-preview:-1\" \/>\n<link rel=\"canonical\" href=\"https:\/\/celmad.org\/fr\/domaines-daction\/\" \/>\n<meta property=\"og:locale\" content=\"fr_FR\" \/>\n<meta property=\"og:type\" content=\"article\" \/>\n<meta property=\"og:title\" content=\"Domaines d&#039;action - CELMAD\" \/>\n<meta property=\"og:description\" content=\"Domaines d&rsquo;action Domaines d\u2019action Les interventions de CELMAD concernent essentiellement les domaines suivants : Etat de droit, D\u00e9mocratie et Politique; [&hellip;]\" \/>\n<meta property=\"og:url\" content=\"https:\/\/celmad.org\/fr\/domaines-daction\/\" \/>\n<meta property=\"og:site_name\" content=\"CELMAD\" \/>\n<meta property=\"article:modified_time\" content=\"2025-03-19T16:08:03+00:00\" \/>\n<meta name=\"twitter:card\" content=\"summary_large_image\" \/>\n<meta name=\"twitter:label1\" content=\"Dur\u00e9e de lecture estim\u00e9e\" \/>\n\t<meta name=\"twitter:data1\" content=\"1 minute\" \/>\n<script type=\"application\/ld+json\" class=\"yoast-schema-graph\">{\"@context\":\"https:\\\/\\\/schema.org\",\"@graph\":[{\"@type\":\"WebPage\",\"@id\":\"https:\\\/\\\/celmad.org\\\/domaines-daction\\\/\",\"url\":\"https:\\\/\\\/celmad.org\\\/domaines-daction\\\/\",\"name\":\"Domaines d'action - CELMAD\",\"isPartOf\":{\"@id\":\"https:\\\/\\\/celmad.org\\\/fr\\\/#website\"},\"datePublished\":\"2024-12-20T13:41:35+00:00\",\"dateModified\":\"2025-03-19T16:08:03+00:00\",\"breadcrumb\":{\"@id\":\"https:\\\/\\\/celmad.org\\\/domaines-daction\\\/#breadcrumb\"},\"inLanguage\":\"fr-FR\",\"potentialAction\":[{\"@type\":\"ReadAction\",\"target\":[\"https:\\\/\\\/celmad.org\\\/domaines-daction\\\/\"]}]},{\"@type\":\"BreadcrumbList\",\"@id\":\"https:\\\/\\\/celmad.org\\\/domaines-daction\\\/#breadcrumb\",\"itemListElement\":[{\"@type\":\"ListItem\",\"position\":1,\"name\":\"Home\",\"item\":\"https:\\\/\\\/celmad.org\\\/\"},{\"@type\":\"ListItem\",\"position\":2,\"name\":\"Domaines d&#8217;action\"}]},{\"@type\":\"WebSite\",\"@id\":\"https:\\\/\\\/celmad.org\\\/fr\\\/#website\",\"url\":\"https:\\\/\\\/celmad.org\\\/fr\\\/\",\"name\":\"CELMAD\",\"description\":\"\",\"publisher\":{\"@id\":\"https:\\\/\\\/celmad.org\\\/fr\\\/#organization\"},\"potentialAction\":[{\"@type\":\"SearchAction\",\"target\":{\"@type\":\"EntryPoint\",\"urlTemplate\":\"https:\\\/\\\/celmad.org\\\/fr\\\/?s={search_term_string}\"},\"query-input\":{\"@type\":\"PropertyValueSpecification\",\"valueRequired\":true,\"valueName\":\"search_term_string\"}}],\"inLanguage\":\"fr-FR\"},{\"@type\":\"Organization\",\"@id\":\"https:\\\/\\\/celmad.org\\\/fr\\\/#organization\",\"name\":\"CELMAD\",\"url\":\"https:\\\/\\\/celmad.org\\\/fr\\\/\",\"logo\":{\"@type\":\"ImageObject\",\"inLanguage\":\"fr-FR\",\"@id\":\"https:\\\/\\\/celmad.org\\\/fr\\\/#\\\/schema\\\/logo\\\/image\\\/\",\"url\":\"https:\\\/\\\/celmad.org\\\/wp-content\\\/uploads\\\/2025\\\/01\\\/Image-5-from-Figma.png\",\"contentUrl\":\"https:\\\/\\\/celmad.org\\\/wp-content\\\/uploads\\\/2025\\\/01\\\/Image-5-from-Figma.png\",\"width\":1368,\"height\":772,\"caption\":\"CELMAD\"},\"image\":{\"@id\":\"https:\\\/\\\/celmad.org\\\/fr\\\/#\\\/schema\\\/logo\\\/image\\\/\"}}]}<\/script>\n<!-- \/ Yoast SEO plugin. -->","yoast_head_json":{"title":"Domaines d'action - CELMAD","robots":{"index":"index","follow":"follow","max-snippet":"max-snippet:-1","max-image-preview":"max-image-preview:large","max-video-preview":"max-video-preview:-1"},"canonical":"https:\/\/celmad.org\/fr\/domaines-daction\/","og_locale":"fr_FR","og_type":"article","og_title":"Domaines d'action - CELMAD","og_description":"Domaines d&rsquo;action Domaines d\u2019action Les interventions de CELMAD concernent essentiellement les domaines suivants : Etat de droit, D\u00e9mocratie et Politique; [&hellip;]","og_url":"https:\/\/celmad.org\/fr\/domaines-daction\/","og_site_name":"CELMAD","article_modified_time":"2025-03-19T16:08:03+00:00","twitter_card":"summary_large_image","twitter_misc":{"Dur\u00e9e de lecture estim\u00e9e":"1 minute"},"schema":{"@context":"https:\/\/schema.org","@graph":[{"@type":"WebPage","@id":"https:\/\/celmad.org\/domaines-daction\/","url":"https:\/\/celmad.org\/domaines-daction\/","name":"Domaines d'action - CELMAD","isPartOf":{"@id":"https:\/\/celmad.org\/fr\/#website"},"datePublished":"2024-12-20T13:41:35+00:00","dateModified":"2025-03-19T16:08:03+00:00","breadcrumb":{"@id":"https:\/\/celmad.org\/domaines-daction\/#breadcrumb"},"inLanguage":"fr-FR","potentialAction":[{"@type":"ReadAction","target":["https:\/\/celmad.org\/domaines-daction\/"]}]},{"@type":"BreadcrumbList","@id":"https:\/\/celmad.org\/domaines-daction\/#breadcrumb","itemListElement":[{"@type":"ListItem","position":1,"name":"Home","item":"https:\/\/celmad.org\/"},{"@type":"ListItem","position":2,"name":"Domaines d&#8217;action"}]},{"@type":"WebSite","@id":"https:\/\/celmad.org\/fr\/#website","url":"https:\/\/celmad.org\/fr\/","name":"CELMAD","description":"","publisher":{"@id":"https:\/\/celmad.org\/fr\/#organization"},"potentialAction":[{"@type":"SearchAction","target":{"@type":"EntryPoint","urlTemplate":"https:\/\/celmad.org\/fr\/?s={search_term_string}"},"query-input":{"@type":"PropertyValueSpecification","valueRequired":true,"valueName":"search_term_string"}}],"inLanguage":"fr-FR"},{"@type":"Organization","@id":"https:\/\/celmad.org\/fr\/#organization","name":"CELMAD","url":"https:\/\/celmad.org\/fr\/","logo":{"@type":"ImageObject","inLanguage":"fr-FR","@id":"https:\/\/celmad.org\/fr\/#\/schema\/logo\/image\/","url":"https:\/\/celmad.org\/wp-content\/uploads\/2025\/01\/Image-5-from-Figma.png","contentUrl":"https:\/\/celmad.org\/wp-content\/uploads\/2025\/01\/Image-5-from-Figma.png","width":1368,"height":772,"caption":"CELMAD"},"image":{"@id":"https:\/\/celmad.org\/fr\/#\/schema\/logo\/image\/"}}]}},"_links":{"self":[{"href":"https:\/\/celmad.org\/fr\/wp-json\/wp\/v2\/pages\/1318","targetHints":{"allow":["GET"]}}],"collection":[{"href":"https:\/\/celmad.org\/fr\/wp-json\/wp\/v2\/pages"}],"about":[{"href":"https:\/\/celmad.org\/fr\/wp-json\/wp\/v2\/types\/page"}],"author":[{"embeddable":true,"href":"https:\/\/celmad.org\/fr\/wp-json\/wp\/v2\/users\/2"}],"replies":[{"embeddable":true,"href":"https:\/\/celmad.org\/fr\/wp-json\/wp\/v2\/comments?post=1318"}],"version-history":[{"count":19,"href":"https:\/\/celmad.org\/fr\/wp-json\/wp\/v2\/pages\/1318\/revisions"}],"predecessor-version":[{"id":1686,"href":"https:\/\/celmad.org\/fr\/wp-json\/wp\/v2\/pages\/1318\/revisions\/1686"}],"wp:attachment":[{"href":"https:\/\/celmad.org\/fr\/wp-json\/wp\/v2\/media?parent=1318"}],"curies":[{"name":"wp","href":"https:\/\/api.w.org\/{rel}","templated":true}]}}