{"id":1323,"date":"2024-12-20T13:45:21","date_gmt":"2024-12-20T13:45:21","guid":{"rendered":"https:\/\/celmad.org\/?page_id=1323"},"modified":"2025-03-19T16:09:46","modified_gmt":"2025-03-19T16:09:46","slug":"co-createurs-des-produits-et-services-de-celmad","status":"publish","type":"page","link":"https:\/\/celmad.org\/fr\/co-createurs-des-produits-et-services-de-celmad\/","title":{"rendered":"Co-cr\u00e9ateurs des produits et services de CELMAD"},"content":{"rendered":"\t\t<div data-elementor-type=\"wp-page\" data-elementor-id=\"1323\" class=\"elementor elementor-1323\">\n\t\t\t\t<div class=\"elementor-element elementor-element-be7ed9f e-flex e-con-boxed e-con e-parent\" data-id=\"be7ed9f\" data-element_type=\"container\" data-e-type=\"container\" data-settings=\"{&quot;background_background&quot;:&quot;classic&quot;}\">\n\t\t\t\t\t<div class=\"e-con-inner\">\n\t\t<div class=\"elementor-element elementor-element-52ca535 e-con-full e-flex e-con e-child\" data-id=\"52ca535\" data-element_type=\"container\" data-e-type=\"container\">\n\t\t\t\t<div class=\"elementor-element elementor-element-f1deee3 elementor-widget elementor-widget-heading\" data-id=\"f1deee3\" data-element_type=\"widget\" data-e-type=\"widget\" data-widget_type=\"heading.default\">\n\t\t\t\t<div class=\"elementor-widget-container\">\n\t\t\t\t\t<h2 class=\"elementor-heading-title elementor-size-default\">Co-cr\u00e9ateurs des produits et services de CELMAD<\/h2>\t\t\t\t<\/div>\n\t\t\t\t<\/div>\n\t\t\t\t<\/div>\n\t\t\t\t\t<\/div>\n\t\t\t\t<\/div>\n\t\t<div class=\"elementor-element elementor-element-c44b9b8 e-flex e-con-boxed e-con e-parent\" data-id=\"c44b9b8\" data-element_type=\"container\" data-e-type=\"container\">\n\t\t\t\t\t<div class=\"e-con-inner\">\n\t\t\t\t<div class=\"elementor-element elementor-element-4cd4297 elementor-widget elementor-widget-spacer\" data-id=\"4cd4297\" data-element_type=\"widget\" data-e-type=\"widget\" data-widget_type=\"spacer.default\">\n\t\t\t\t<div class=\"elementor-widget-container\">\n\t\t\t\t\t\t\t<div class=\"elementor-spacer\">\n\t\t\t<div class=\"elementor-spacer-inner\"><\/div>\n\t\t<\/div>\n\t\t\t\t\t\t<\/div>\n\t\t\t\t<\/div>\n\t\t\t\t\t<\/div>\n\t\t\t\t<\/div>\n\t\t<div class=\"elementor-element elementor-element-e234c49 e-flex e-con-boxed e-con e-parent\" data-id=\"e234c49\" data-element_type=\"container\" data-e-type=\"container\" data-settings=\"{&quot;background_background&quot;:&quot;classic&quot;}\">\n\t\t\t\t\t<div class=\"e-con-inner\">\n\t\t<div class=\"elementor-element elementor-element-50bea85 e-con-full e-flex e-con e-child\" data-id=\"50bea85\" data-element_type=\"container\" data-e-type=\"container\" data-settings=\"{&quot;background_background&quot;:&quot;classic&quot;}\">\n\t\t\t\t<div class=\"elementor-element elementor-element-33310f2 elementor-widget elementor-widget-text-editor\" data-id=\"33310f2\" data-element_type=\"widget\" data-e-type=\"widget\" data-widget_type=\"text-editor.default\">\n\t\t\t\t<div class=\"elementor-widget-container\">\n\t\t\t\t\t\t\t\t\t<p>Les co-cr\u00e9ateurs de CELMAD sont&nbsp;:<\/p>\n<ul>\n<li><strong>Citoyens et citoyenne<\/strong>s : Une masse critique, \u00e9duqu\u00e9e et engag\u00e9e, consciente de ses droits et devoirs, agissant collectivement pour des changements structurels positifs et durables;<\/li>\n<li><strong>Communaut\u00e9s<\/strong> : Mobilisation des communaut\u00e9s et de leurs leaders pour renforcer institutions, syst\u00e8mes et nations, tout en impliquant \u00e9troitement les communaut\u00e9s locales dans le d\u00e9veloppement du centre;<\/li>\n<li><strong>Secteur priv\u00e9 et entrepreneurs sociaux<\/strong> : Acteurs engag\u00e9s pour une transformation socio-\u00e9conomique durable, alliant responsabilit\u00e9 sociale et vision partag\u00e9e au-del\u00e0 du profit;<\/li>\n<li><strong>Secteur public<\/strong> : Responsables \u00e9tatiques, gouvernements, institutions judiciaires et l\u00e9gislatives, soci\u00e9t\u00e9 civile et m\u00e9dias, orient\u00e9s vers la justice, l\u2019\u00e9galit\u00e9, la paix et le d\u00e9veloppement, tout en assurant des syst\u00e8mes et institutions efficaces dans un \u00e9cosyst\u00e8me favorable avec accent sur UA, CER et Pays;<\/li>\n<li><strong>Institutions acad\u00e9miques, culturelles, artistiques et sportives<\/strong> : Production de recherches adapt\u00e9es aux priorit\u00e9s africaines, influen\u00e7ant les d\u00e9bats et promouvant un narratif positif pour catalyser les transformations structurelles n\u00e9cessaires;<\/li>\n<li><strong>Media, r\u00e9seaux sociaux, partis politiques, r\u00e9seaux de femmes et de jeunes, soci\u00e9t\u00e9 civile.<\/strong><\/li>\n<\/ul>\n<p>Concernant les co-cr\u00e9ateurs du secteur public, l\u2019Union Africaine, les commissions \u00e9conomiques r\u00e9gionales, les pays (incluant les entit\u00e9s d\u00e9centralis\u00e9es, les pouvoirs ex\u00e9cutif, l\u00e9gislatif, et judiciaires) sont nos priorit\u00e9s.<\/p>\t\t\t\t\t\t\t\t<\/div>\n\t\t\t\t<\/div>\n\t\t\t\t<\/div>\n\t\t\t\t\t<\/div>\n\t\t\t\t<\/div>\n\t\t<div class=\"elementor-element elementor-element-3002e22 e-flex e-con-boxed e-con e-parent\" data-id=\"3002e22\" data-element_type=\"container\" data-e-type=\"container\">\n\t\t\t\t\t<div class=\"e-con-inner\">\n\t\t\t\t<div class=\"elementor-element elementor-element-35060da elementor-widget elementor-widget-spacer\" data-id=\"35060da\" data-element_type=\"widget\" data-e-type=\"widget\" data-widget_type=\"spacer.default\">\n\t\t\t\t<div class=\"elementor-widget-container\">\n\t\t\t\t\t\t\t<div class=\"elementor-spacer\">\n\t\t\t<div class=\"elementor-spacer-inner\"><\/div>\n\t\t<\/div>\n\t\t\t\t\t\t<\/div>\n\t\t\t\t<\/div>\n\t\t\t\t\t<\/div>\n\t\t\t\t<\/div>\n\t\t\t\t<\/div>\n\t\t","protected":false},"excerpt":{"rendered":"<p>Co-cr\u00e9ateurs des produits et services de CELMAD Les co-cr\u00e9ateurs de CELMAD sont&nbsp;: Citoyens et citoyennes : Une masse critique, \u00e9duqu\u00e9e [&hellip;]<\/p>\n","protected":false},"author":2,"featured_media":0,"parent":0,"menu_order":0,"comment_status":"closed","ping_status":"closed","template":"","meta":{"site-sidebar-layout":"no-sidebar","site-content-layout":"","ast-site-content-layout":"full-width-container","site-content-style":"default","site-sidebar-style":"default","ast-global-header-display":"","ast-banner-title-visibility":"","ast-main-header-display":"","ast-hfb-above-header-display":"","ast-hfb-below-header-display":"","ast-hfb-mobile-header-display":"","site-post-title":"disabled","ast-breadcrumbs-content":"","ast-featured-img":"disabled","footer-sml-layout":"","theme-transparent-header-meta":"","adv-header-id-meta":"","stick-header-meta":"","header-above-stick-meta":"","header-main-stick-meta":"","header-below-stick-meta":"","astra-migrate-meta-layouts":"default","ast-page-background-enabled":"default","ast-page-background-meta":{"desktop":{"background-color":"var(--ast-global-color-4)","background-image":"","background-repeat":"repeat","background-position":"center center","background-size":"auto","background-attachment":"scroll","background-type":"","background-media":"","overlay-type":"","overlay-color":"","overlay-opacity":"","overlay-gradient":""},"tablet":{"background-color":"","background-image":"","background-repeat":"repeat","background-position":"center center","background-size":"auto","background-attachment":"scroll","background-type":"","background-media":"","overlay-type":"","overlay-color":"","overlay-opacity":"","overlay-gradient":""},"mobile":{"background-color":"","background-image":"","background-repeat":"repeat","background-position":"center center","background-size":"auto","background-attachment":"scroll","background-type":"","background-media":"","overlay-type":"","overlay-color":"","overlay-opacity":"","overlay-gradient":""}},"ast-content-background-meta":{"desktop":{"background-color":"var(--ast-global-color-5)","background-image":"","background-repeat":"repeat","background-position":"center center","background-size":"auto","background-attachment":"scroll","background-type":"","background-media":"","overlay-type":"","overlay-color":"","overlay-opacity":"","overlay-gradient":""},"tablet":{"background-color":"var(--ast-global-color-5)","background-image":"","background-repeat":"repeat","background-position":"center center","background-size":"auto","background-attachment":"scroll","background-type":"","background-media":"","overlay-type":"","overlay-color":"","overlay-opacity":"","overlay-gradient":""},"mobile":{"background-color":"var(--ast-global-color-5)","background-image":"","background-repeat":"repeat","background-position":"center center","background-size":"auto","background-attachment":"scroll","background-type":"","background-media":"","overlay-type":"","overlay-color":"","overlay-opacity":"","overlay-gradient":""}},"footnotes":""},"class_list":["post-1323","page","type-page","status-publish","hentry"],"yoast_head":"<!-- This site is optimized with the Yoast SEO plugin v27.3 - https:\/\/yoast.com\/product\/yoast-seo-wordpress\/ -->\n<title>Co-cr\u00e9ateurs des produits et services de CELMAD - CELMAD<\/title>\n<meta name=\"robots\" content=\"index, follow, max-snippet:-1, max-image-preview:large, max-video-preview:-1\" \/>\n<link rel=\"canonical\" href=\"https:\/\/celmad.org\/fr\/co-createurs-des-produits-et-services-de-celmad\/\" \/>\n<meta property=\"og:locale\" content=\"fr_FR\" \/>\n<meta property=\"og:type\" content=\"article\" \/>\n<meta property=\"og:title\" content=\"Co-cr\u00e9ateurs des produits et services de CELMAD - CELMAD\" \/>\n<meta property=\"og:description\" content=\"Co-cr\u00e9ateurs des produits et services de CELMAD Les co-cr\u00e9ateurs de CELMAD sont&nbsp;: Citoyens et citoyennes : Une masse critique, \u00e9duqu\u00e9e [&hellip;]\" \/>\n<meta property=\"og:url\" content=\"https:\/\/celmad.org\/fr\/co-createurs-des-produits-et-services-de-celmad\/\" \/>\n<meta property=\"og:site_name\" content=\"CELMAD\" \/>\n<meta property=\"article:modified_time\" content=\"2025-03-19T16:09:46+00:00\" \/>\n<meta name=\"twitter:card\" content=\"summary_large_image\" \/>\n<meta name=\"twitter:label1\" content=\"Dur\u00e9e de lecture estim\u00e9e\" \/>\n\t<meta name=\"twitter:data1\" content=\"1 minute\" \/>\n<script type=\"application\/ld+json\" class=\"yoast-schema-graph\">{\"@context\":\"https:\\\/\\\/schema.org\",\"@graph\":[{\"@type\":\"WebPage\",\"@id\":\"https:\\\/\\\/celmad.org\\\/co-createurs-des-produits-et-services-de-celmad\\\/\",\"url\":\"https:\\\/\\\/celmad.org\\\/co-createurs-des-produits-et-services-de-celmad\\\/\",\"name\":\"Co-cr\u00e9ateurs des produits et services de CELMAD - CELMAD\",\"isPartOf\":{\"@id\":\"https:\\\/\\\/celmad.org\\\/fr\\\/#website\"},\"datePublished\":\"2024-12-20T13:45:21+00:00\",\"dateModified\":\"2025-03-19T16:09:46+00:00\",\"breadcrumb\":{\"@id\":\"https:\\\/\\\/celmad.org\\\/co-createurs-des-produits-et-services-de-celmad\\\/#breadcrumb\"},\"inLanguage\":\"fr-FR\",\"potentialAction\":[{\"@type\":\"ReadAction\",\"target\":[\"https:\\\/\\\/celmad.org\\\/co-createurs-des-produits-et-services-de-celmad\\\/\"]}]},{\"@type\":\"BreadcrumbList\",\"@id\":\"https:\\\/\\\/celmad.org\\\/co-createurs-des-produits-et-services-de-celmad\\\/#breadcrumb\",\"itemListElement\":[{\"@type\":\"ListItem\",\"position\":1,\"name\":\"Home\",\"item\":\"https:\\\/\\\/celmad.org\\\/\"},{\"@type\":\"ListItem\",\"position\":2,\"name\":\"Co-cr\u00e9ateurs des produits et services de CELMAD\"}]},{\"@type\":\"WebSite\",\"@id\":\"https:\\\/\\\/celmad.org\\\/fr\\\/#website\",\"url\":\"https:\\\/\\\/celmad.org\\\/fr\\\/\",\"name\":\"CELMAD\",\"description\":\"\",\"publisher\":{\"@id\":\"https:\\\/\\\/celmad.org\\\/fr\\\/#organization\"},\"potentialAction\":[{\"@type\":\"SearchAction\",\"target\":{\"@type\":\"EntryPoint\",\"urlTemplate\":\"https:\\\/\\\/celmad.org\\\/fr\\\/?s={search_term_string}\"},\"query-input\":{\"@type\":\"PropertyValueSpecification\",\"valueRequired\":true,\"valueName\":\"search_term_string\"}}],\"inLanguage\":\"fr-FR\"},{\"@type\":\"Organization\",\"@id\":\"https:\\\/\\\/celmad.org\\\/fr\\\/#organization\",\"name\":\"CELMAD\",\"url\":\"https:\\\/\\\/celmad.org\\\/fr\\\/\",\"logo\":{\"@type\":\"ImageObject\",\"inLanguage\":\"fr-FR\",\"@id\":\"https:\\\/\\\/celmad.org\\\/fr\\\/#\\\/schema\\\/logo\\\/image\\\/\",\"url\":\"https:\\\/\\\/celmad.org\\\/wp-content\\\/uploads\\\/2025\\\/01\\\/Image-5-from-Figma.png\",\"contentUrl\":\"https:\\\/\\\/celmad.org\\\/wp-content\\\/uploads\\\/2025\\\/01\\\/Image-5-from-Figma.png\",\"width\":1368,\"height\":772,\"caption\":\"CELMAD\"},\"image\":{\"@id\":\"https:\\\/\\\/celmad.org\\\/fr\\\/#\\\/schema\\\/logo\\\/image\\\/\"}}]}<\/script>\n<!-- \/ Yoast SEO plugin. -->","yoast_head_json":{"title":"Co-cr\u00e9ateurs des produits et services de CELMAD - CELMAD","robots":{"index":"index","follow":"follow","max-snippet":"max-snippet:-1","max-image-preview":"max-image-preview:large","max-video-preview":"max-video-preview:-1"},"canonical":"https:\/\/celmad.org\/fr\/co-createurs-des-produits-et-services-de-celmad\/","og_locale":"fr_FR","og_type":"article","og_title":"Co-cr\u00e9ateurs des produits et services de CELMAD - CELMAD","og_description":"Co-cr\u00e9ateurs des produits et services de CELMAD Les co-cr\u00e9ateurs de CELMAD sont&nbsp;: Citoyens et citoyennes : Une masse critique, \u00e9duqu\u00e9e [&hellip;]","og_url":"https:\/\/celmad.org\/fr\/co-createurs-des-produits-et-services-de-celmad\/","og_site_name":"CELMAD","article_modified_time":"2025-03-19T16:09:46+00:00","twitter_card":"summary_large_image","twitter_misc":{"Dur\u00e9e de lecture estim\u00e9e":"1 minute"},"schema":{"@context":"https:\/\/schema.org","@graph":[{"@type":"WebPage","@id":"https:\/\/celmad.org\/co-createurs-des-produits-et-services-de-celmad\/","url":"https:\/\/celmad.org\/co-createurs-des-produits-et-services-de-celmad\/","name":"Co-cr\u00e9ateurs des produits et services de CELMAD - CELMAD","isPartOf":{"@id":"https:\/\/celmad.org\/fr\/#website"},"datePublished":"2024-12-20T13:45:21+00:00","dateModified":"2025-03-19T16:09:46+00:00","breadcrumb":{"@id":"https:\/\/celmad.org\/co-createurs-des-produits-et-services-de-celmad\/#breadcrumb"},"inLanguage":"fr-FR","potentialAction":[{"@type":"ReadAction","target":["https:\/\/celmad.org\/co-createurs-des-produits-et-services-de-celmad\/"]}]},{"@type":"BreadcrumbList","@id":"https:\/\/celmad.org\/co-createurs-des-produits-et-services-de-celmad\/#breadcrumb","itemListElement":[{"@type":"ListItem","position":1,"name":"Home","item":"https:\/\/celmad.org\/"},{"@type":"ListItem","position":2,"name":"Co-cr\u00e9ateurs des produits et services de CELMAD"}]},{"@type":"WebSite","@id":"https:\/\/celmad.org\/fr\/#website","url":"https:\/\/celmad.org\/fr\/","name":"CELMAD","description":"","publisher":{"@id":"https:\/\/celmad.org\/fr\/#organization"},"potentialAction":[{"@type":"SearchAction","target":{"@type":"EntryPoint","urlTemplate":"https:\/\/celmad.org\/fr\/?s={search_term_string}"},"query-input":{"@type":"PropertyValueSpecification","valueRequired":true,"valueName":"search_term_string"}}],"inLanguage":"fr-FR"},{"@type":"Organization","@id":"https:\/\/celmad.org\/fr\/#organization","name":"CELMAD","url":"https:\/\/celmad.org\/fr\/","logo":{"@type":"ImageObject","inLanguage":"fr-FR","@id":"https:\/\/celmad.org\/fr\/#\/schema\/logo\/image\/","url":"https:\/\/celmad.org\/wp-content\/uploads\/2025\/01\/Image-5-from-Figma.png","contentUrl":"https:\/\/celmad.org\/wp-content\/uploads\/2025\/01\/Image-5-from-Figma.png","width":1368,"height":772,"caption":"CELMAD"},"image":{"@id":"https:\/\/celmad.org\/fr\/#\/schema\/logo\/image\/"}}]}},"_links":{"self":[{"href":"https:\/\/celmad.org\/fr\/wp-json\/wp\/v2\/pages\/1323","targetHints":{"allow":["GET"]}}],"collection":[{"href":"https:\/\/celmad.org\/fr\/wp-json\/wp\/v2\/pages"}],"about":[{"href":"https:\/\/celmad.org\/fr\/wp-json\/wp\/v2\/types\/page"}],"author":[{"embeddable":true,"href":"https:\/\/celmad.org\/fr\/wp-json\/wp\/v2\/users\/2"}],"replies":[{"embeddable":true,"href":"https:\/\/celmad.org\/fr\/wp-json\/wp\/v2\/comments?post=1323"}],"version-history":[{"count":22,"href":"https:\/\/celmad.org\/fr\/wp-json\/wp\/v2\/pages\/1323\/revisions"}],"predecessor-version":[{"id":1689,"href":"https:\/\/celmad.org\/fr\/wp-json\/wp\/v2\/pages\/1323\/revisions\/1689"}],"wp:attachment":[{"href":"https:\/\/celmad.org\/fr\/wp-json\/wp\/v2\/media?parent=1323"}],"curies":[{"name":"wp","href":"https:\/\/api.w.org\/{rel}","templated":true}]}}