{"id":15,"date":"2024-04-12T15:55:45","date_gmt":"2024-04-12T15:55:45","guid":{"rendered":"https:\/\/celmad.org\/?page_id=15"},"modified":"2025-09-05T11:40:58","modified_gmt":"2025-09-05T11:40:58","slug":"actualites","status":"publish","type":"page","link":"https:\/\/celmad.org\/fr\/actualites\/","title":{"rendered":"Actualit\u00e9s"},"content":{"rendered":"\t\t<div data-elementor-type=\"wp-page\" data-elementor-id=\"15\" class=\"elementor elementor-15\">\n\t\t\t\t<div class=\"elementor-element elementor-element-9648d14 e-flex e-con-boxed e-con e-parent\" data-id=\"9648d14\" data-element_type=\"container\" data-e-type=\"container\" data-settings=\"{&quot;background_background&quot;:&quot;classic&quot;}\">\n\t\t\t\t\t<div class=\"e-con-inner\">\n\t\t<div class=\"elementor-element elementor-element-f91cdff e-con-full e-flex e-con e-child\" data-id=\"f91cdff\" data-element_type=\"container\" data-e-type=\"container\">\n\t\t\t\t<div class=\"elementor-element elementor-element-140732f elementor-widget elementor-widget-heading\" data-id=\"140732f\" data-element_type=\"widget\" data-e-type=\"widget\" data-widget_type=\"heading.default\">\n\t\t\t\t<div class=\"elementor-widget-container\">\n\t\t\t\t\t<h2 class=\"elementor-heading-title elementor-size-default\">Actualit\u00e9s<\/h2>\t\t\t\t<\/div>\n\t\t\t\t<\/div>\n\t\t\t\t<\/div>\n\t\t\t\t\t<\/div>\n\t\t\t\t<\/div>\n\t\t<div class=\"elementor-element elementor-element-271f0c0 e-flex e-con-boxed e-con e-parent\" data-id=\"271f0c0\" data-element_type=\"container\" data-e-type=\"container\">\n\t\t\t\t\t<div class=\"e-con-inner\">\n\t\t\t\t<div class=\"elementor-element elementor-element-1d265f4 elementor-widget elementor-widget-htmega-postgrid-addons\" data-id=\"1d265f4\" data-element_type=\"widget\" data-e-type=\"widget\" data-settings=\"{&quot;grid_post_type&quot;:&quot;post&quot;}\" data-widget_type=\"htmega-postgrid-addons.default\">\n\t\t\t\t<div class=\"elementor-widget-container\">\n\t\t\t\t\t            \n        <div class=\"htmega-post-grid-area htmega-post-grid-layout-3\">\n            <div class=\"htb-col\">\n                <div class=\"row-1 htb-row\">\n                    \n                                                                                    <div class=\"htb-col-lg-6 htb-col-sm-6 htb-col-12\">\n                                    <div class=\"ht-post\">\n                                        <div class=\"thumb\">\n                                            <a href=\"https:\/\/celmad.org\/fr\/lorem-ipsum-dolor\/\">\n                                                <img fetchpriority=\"high\" decoding=\"async\" width=\"2560\" height=\"1440\" src=\"https:\/\/celmad.org\/wp-content\/uploads\/2024\/04\/comite_orientation-scaled.jpg\" class=\"attachment-full size-full wp-post-image\" alt=\"\" srcset=\"https:\/\/celmad.org\/wp-content\/uploads\/2024\/04\/comite_orientation-scaled.jpg 2560w, https:\/\/celmad.org\/wp-content\/uploads\/2024\/04\/comite_orientation-600x338.jpg 600w, https:\/\/celmad.org\/wp-content\/uploads\/2024\/04\/comite_orientation-2000x1125.jpg 2000w, https:\/\/celmad.org\/wp-content\/uploads\/2024\/04\/comite_orientation-768x432.jpg 768w, https:\/\/celmad.org\/wp-content\/uploads\/2024\/04\/comite_orientation-1536x864.jpg 1536w, https:\/\/celmad.org\/wp-content\/uploads\/2024\/04\/comite_orientation-2048x1152.jpg 2048w, https:\/\/celmad.org\/wp-content\/uploads\/2024\/04\/comite_orientation-18x10.jpg 18w\" sizes=\"(max-width: 2560px) 100vw, 2560px\" \/>                                            <\/a>\n                                        <\/div>\n                                                                                                        <a href=\"https:\/\/celmad.org\/fr\/category\/actualite\/\" class=\"category post-category post-position-top-left actualite\">Actualit\u00e9<\/a>\n                                                                                                        <div class=\"post-content\">\n                                                <div class=\"content\">\n                                                    <h4 class=\"htmega-post-g-title\"><a href='https:\/\/celmad.org\/fr\/lorem-ipsum-dolor\/'>Atelier orientation strat\u00e9gique<\/a><\/h4>                                                        <div class=\"meta\">\n                                                            <span class=\"meta-item date\"><i class=\"fa fa-clock-o\"><\/i> \n                                                                20 avril 2024                                                            <\/span>\n                                                        <\/div>\n                                                                                                                                                        <\/div>\n                                            <\/div>\n                                                                                <\/div>\n                                <\/div>\n\n                                <div class=\"htb-col-lg-6 htb-col-sm-6 htb-col-12\">\n                                    <div class=\"htb-row row-1\">\n                            \n                                    \n                                                                \n                        \n                        \n                                                    \n                                                                            <div class=\"htb-col-lg-12\">\n                                            <div class=\"ht-post\">\n                                                <div class=\"thumb\">\n                                                    <a href=\"https:\/\/celmad.org\/fr\/une-ressource-de-plus\/\">\n                                                        <img decoding=\"async\" width=\"585\" height=\"295\" src=\"https:\/\/celmad.org\/wp-content\/uploads\/2024\/04\/ag_consti-585x295.jpeg\" class=\"attachment-htmega_size_585x295 size-htmega_size_585x295 wp-post-image\" alt=\"\" srcset=\"https:\/\/celmad.org\/wp-content\/uploads\/2024\/04\/ag_consti-585x295.jpeg 585w, https:\/\/celmad.org\/wp-content\/uploads\/2024\/04\/ag_consti-18x10.jpeg 18w\" sizes=\"(max-width: 585px) 100vw, 585px\" \/>                                                    <\/a>\n                                                <\/div>\n                                                                                                                        <a href=\"https:\/\/celmad.org\/fr\/category\/actualite\/\" class=\"category post-category post-position-top-left actualite\">Actualit\u00e9<\/a>\n                                                                                                                        <div class=\"post-content\">\n                                                        <div class=\"content\">\n                                                            <h4 class=\"htmega-post-g-title\"><a href='https:\/\/celmad.org\/fr\/une-ressource-de-plus\/'>AG Constitutive<\/a><\/h4>                                                                <div class=\"meta\">\n                                                                    <span class=\"meta-item date\"><i class=\"fa fa-clock-o\"><\/i>\n                                                                        02 mars 2024                                                                    <\/span>\n                                                                <\/div>\n                                                                                                                                                                                    <\/div>\n                                                    <\/div>\n                                                                                            <\/div>\n                                        <\/div>\n                                    \n                                                                \n                        \n                                        <\/div>\n            <\/div>\n        <\/div>\n\n        \t\t\t\t<\/div>\n\t\t\t\t<\/div>\n\t\t\t\t\t<\/div>\n\t\t\t\t<\/div>\n\t\t\t\t<\/div>\n\t\t","protected":false},"excerpt":{"rendered":"<p>Actualit\u00e9s Actualit\u00e9 Atelier orientation strat\u00e9gique 20 April 2024 Actualit\u00e9 AG Constitutive 02 March 2024<\/p>\n","protected":false},"author":2,"featured_media":0,"parent":0,"menu_order":0,"comment_status":"closed","ping_status":"closed","template":"","meta":{"site-sidebar-layout":"no-sidebar","site-content-layout":"","ast-site-content-layout":"full-width-container","site-content-style":"default","site-sidebar-style":"default","ast-global-header-display":"","ast-banner-title-visibility":"","ast-main-header-display":"","ast-hfb-above-header-display":"","ast-hfb-below-header-display":"","ast-hfb-mobile-header-display":"","site-post-title":"disabled","ast-breadcrumbs-content":"","ast-featured-img":"disabled","footer-sml-layout":"","theme-transparent-header-meta":"","adv-header-id-meta":"","stick-header-meta":"","header-above-stick-meta":"","header-main-stick-meta":"","header-below-stick-meta":"","astra-migrate-meta-layouts":"default","ast-page-background-enabled":"default","ast-page-background-meta":{"desktop":{"background-color":"var(--ast-global-color-4)","background-image":"","background-repeat":"repeat","background-position":"center center","background-size":"auto","background-attachment":"scroll","background-type":"","background-media":"","overlay-type":"","overlay-color":"","overlay-opacity":"","overlay-gradient":""},"tablet":{"background-color":"","background-image":"","background-repeat":"repeat","background-position":"center center","background-size":"auto","background-attachment":"scroll","background-type":"","background-media":"","overlay-type":"","overlay-color":"","overlay-opacity":"","overlay-gradient":""},"mobile":{"background-color":"","background-image":"","background-repeat":"repeat","background-position":"center center","background-size":"auto","background-attachment":"scroll","background-type":"","background-media":"","overlay-type":"","overlay-color":"","overlay-opacity":"","overlay-gradient":""}},"ast-content-background-meta":{"desktop":{"background-color":"var(--ast-global-color-5)","background-image":"","background-repeat":"repeat","background-position":"center center","background-size":"auto","background-attachment":"scroll","background-type":"","background-media":"","overlay-type":"","overlay-color":"","overlay-opacity":"","overlay-gradient":""},"tablet":{"background-color":"var(--ast-global-color-5)","background-image":"","background-repeat":"repeat","background-position":"center center","background-size":"auto","background-attachment":"scroll","background-type":"","background-media":"","overlay-type":"","overlay-color":"","overlay-opacity":"","overlay-gradient":""},"mobile":{"background-color":"var(--ast-global-color-5)","background-image":"","background-repeat":"repeat","background-position":"center center","background-size":"auto","background-attachment":"scroll","background-type":"","background-media":"","overlay-type":"","overlay-color":"","overlay-opacity":"","overlay-gradient":""}},"footnotes":""},"class_list":["post-15","page","type-page","status-publish","hentry"],"yoast_head":"<!-- This site is optimized with the Yoast SEO plugin v27.3 - https:\/\/yoast.com\/product\/yoast-seo-wordpress\/ -->\n<title>Actualit\u00e9s - CELMAD<\/title>\n<meta name=\"robots\" content=\"index, follow, max-snippet:-1, max-image-preview:large, max-video-preview:-1\" \/>\n<link rel=\"canonical\" href=\"https:\/\/celmad.org\/fr\/actualites\/\" \/>\n<meta property=\"og:locale\" content=\"fr_FR\" \/>\n<meta property=\"og:type\" content=\"article\" \/>\n<meta property=\"og:title\" content=\"Actualit\u00e9s - CELMAD\" \/>\n<meta property=\"og:description\" content=\"Actualit\u00e9s Actualit\u00e9 Atelier orientation strat\u00e9gique 20 April 2024 Actualit\u00e9 AG Constitutive 02 March 2024\" \/>\n<meta property=\"og:url\" content=\"https:\/\/celmad.org\/fr\/actualites\/\" \/>\n<meta property=\"og:site_name\" content=\"CELMAD\" \/>\n<meta property=\"article:modified_time\" content=\"2025-09-05T11:40:58+00:00\" \/>\n<meta property=\"og:image\" content=\"https:\/\/celmad.org\/wp-content\/uploads\/2024\/04\/comite_orientation-scaled.jpg\" \/>\n<meta name=\"twitter:card\" content=\"summary_large_image\" \/>\n<meta name=\"twitter:label1\" content=\"Dur\u00e9e de lecture estim\u00e9e\" \/>\n\t<meta name=\"twitter:data1\" content=\"1 minute\" \/>\n<script type=\"application\/ld+json\" class=\"yoast-schema-graph\">{\"@context\":\"https:\\\/\\\/schema.org\",\"@graph\":[{\"@type\":\"WebPage\",\"@id\":\"https:\\\/\\\/celmad.org\\\/fr\\\/actualites\\\/\",\"url\":\"https:\\\/\\\/celmad.org\\\/fr\\\/actualites\\\/\",\"name\":\"Actualit\u00e9s - CELMAD\",\"isPartOf\":{\"@id\":\"https:\\\/\\\/celmad.org\\\/fr\\\/#website\"},\"primaryImageOfPage\":{\"@id\":\"https:\\\/\\\/celmad.org\\\/fr\\\/actualites\\\/#primaryimage\"},\"image\":{\"@id\":\"https:\\\/\\\/celmad.org\\\/fr\\\/actualites\\\/#primaryimage\"},\"thumbnailUrl\":\"https:\\\/\\\/celmad.org\\\/wp-content\\\/uploads\\\/2024\\\/04\\\/comite_orientation-scaled.jpg\",\"datePublished\":\"2024-04-12T15:55:45+00:00\",\"dateModified\":\"2025-09-05T11:40:58+00:00\",\"breadcrumb\":{\"@id\":\"https:\\\/\\\/celmad.org\\\/fr\\\/actualites\\\/#breadcrumb\"},\"inLanguage\":\"fr-FR\",\"potentialAction\":[{\"@type\":\"ReadAction\",\"target\":[\"https:\\\/\\\/celmad.org\\\/fr\\\/actualites\\\/\"]}]},{\"@type\":\"ImageObject\",\"inLanguage\":\"fr-FR\",\"@id\":\"https:\\\/\\\/celmad.org\\\/fr\\\/actualites\\\/#primaryimage\",\"url\":\"https:\\\/\\\/celmad.org\\\/wp-content\\\/uploads\\\/2024\\\/04\\\/comite_orientation-scaled.jpg\",\"contentUrl\":\"https:\\\/\\\/celmad.org\\\/wp-content\\\/uploads\\\/2024\\\/04\\\/comite_orientation-scaled.jpg\"},{\"@type\":\"BreadcrumbList\",\"@id\":\"https:\\\/\\\/celmad.org\\\/fr\\\/actualites\\\/#breadcrumb\",\"itemListElement\":[{\"@type\":\"ListItem\",\"position\":1,\"name\":\"Home\",\"item\":\"https:\\\/\\\/celmad.org\\\/\"},{\"@type\":\"ListItem\",\"position\":2,\"name\":\"Actualit\u00e9s\"}]},{\"@type\":\"WebSite\",\"@id\":\"https:\\\/\\\/celmad.org\\\/fr\\\/#website\",\"url\":\"https:\\\/\\\/celmad.org\\\/fr\\\/\",\"name\":\"CELMAD\",\"description\":\"\",\"publisher\":{\"@id\":\"https:\\\/\\\/celmad.org\\\/fr\\\/#organization\"},\"potentialAction\":[{\"@type\":\"SearchAction\",\"target\":{\"@type\":\"EntryPoint\",\"urlTemplate\":\"https:\\\/\\\/celmad.org\\\/fr\\\/?s={search_term_string}\"},\"query-input\":{\"@type\":\"PropertyValueSpecification\",\"valueRequired\":true,\"valueName\":\"search_term_string\"}}],\"inLanguage\":\"fr-FR\"},{\"@type\":\"Organization\",\"@id\":\"https:\\\/\\\/celmad.org\\\/fr\\\/#organization\",\"name\":\"CELMAD\",\"url\":\"https:\\\/\\\/celmad.org\\\/fr\\\/\",\"logo\":{\"@type\":\"ImageObject\",\"inLanguage\":\"fr-FR\",\"@id\":\"https:\\\/\\\/celmad.org\\\/fr\\\/#\\\/schema\\\/logo\\\/image\\\/\",\"url\":\"https:\\\/\\\/celmad.org\\\/wp-content\\\/uploads\\\/2025\\\/01\\\/Image-5-from-Figma.png\",\"contentUrl\":\"https:\\\/\\\/celmad.org\\\/wp-content\\\/uploads\\\/2025\\\/01\\\/Image-5-from-Figma.png\",\"width\":1368,\"height\":772,\"caption\":\"CELMAD\"},\"image\":{\"@id\":\"https:\\\/\\\/celmad.org\\\/fr\\\/#\\\/schema\\\/logo\\\/image\\\/\"}}]}<\/script>\n<!-- \/ Yoast SEO plugin. -->","yoast_head_json":{"title":"Actualit\u00e9s - CELMAD","robots":{"index":"index","follow":"follow","max-snippet":"max-snippet:-1","max-image-preview":"max-image-preview:large","max-video-preview":"max-video-preview:-1"},"canonical":"https:\/\/celmad.org\/fr\/actualites\/","og_locale":"fr_FR","og_type":"article","og_title":"Actualit\u00e9s - CELMAD","og_description":"Actualit\u00e9s Actualit\u00e9 Atelier orientation strat\u00e9gique 20 April 2024 Actualit\u00e9 AG Constitutive 02 March 2024","og_url":"https:\/\/celmad.org\/fr\/actualites\/","og_site_name":"CELMAD","article_modified_time":"2025-09-05T11:40:58+00:00","og_image":[{"url":"https:\/\/celmad.org\/wp-content\/uploads\/2024\/04\/comite_orientation-scaled.jpg","type":"","width":"","height":""}],"twitter_card":"summary_large_image","twitter_misc":{"Dur\u00e9e de lecture estim\u00e9e":"1 minute"},"schema":{"@context":"https:\/\/schema.org","@graph":[{"@type":"WebPage","@id":"https:\/\/celmad.org\/fr\/actualites\/","url":"https:\/\/celmad.org\/fr\/actualites\/","name":"Actualit\u00e9s - CELMAD","isPartOf":{"@id":"https:\/\/celmad.org\/fr\/#website"},"primaryImageOfPage":{"@id":"https:\/\/celmad.org\/fr\/actualites\/#primaryimage"},"image":{"@id":"https:\/\/celmad.org\/fr\/actualites\/#primaryimage"},"thumbnailUrl":"https:\/\/celmad.org\/wp-content\/uploads\/2024\/04\/comite_orientation-scaled.jpg","datePublished":"2024-04-12T15:55:45+00:00","dateModified":"2025-09-05T11:40:58+00:00","breadcrumb":{"@id":"https:\/\/celmad.org\/fr\/actualites\/#breadcrumb"},"inLanguage":"fr-FR","potentialAction":[{"@type":"ReadAction","target":["https:\/\/celmad.org\/fr\/actualites\/"]}]},{"@type":"ImageObject","inLanguage":"fr-FR","@id":"https:\/\/celmad.org\/fr\/actualites\/#primaryimage","url":"https:\/\/celmad.org\/wp-content\/uploads\/2024\/04\/comite_orientation-scaled.jpg","contentUrl":"https:\/\/celmad.org\/wp-content\/uploads\/2024\/04\/comite_orientation-scaled.jpg"},{"@type":"BreadcrumbList","@id":"https:\/\/celmad.org\/fr\/actualites\/#breadcrumb","itemListElement":[{"@type":"ListItem","position":1,"name":"Home","item":"https:\/\/celmad.org\/"},{"@type":"ListItem","position":2,"name":"Actualit\u00e9s"}]},{"@type":"WebSite","@id":"https:\/\/celmad.org\/fr\/#website","url":"https:\/\/celmad.org\/fr\/","name":"CELMAD","description":"","publisher":{"@id":"https:\/\/celmad.org\/fr\/#organization"},"potentialAction":[{"@type":"SearchAction","target":{"@type":"EntryPoint","urlTemplate":"https:\/\/celmad.org\/fr\/?s={search_term_string}"},"query-input":{"@type":"PropertyValueSpecification","valueRequired":true,"valueName":"search_term_string"}}],"inLanguage":"fr-FR"},{"@type":"Organization","@id":"https:\/\/celmad.org\/fr\/#organization","name":"CELMAD","url":"https:\/\/celmad.org\/fr\/","logo":{"@type":"ImageObject","inLanguage":"fr-FR","@id":"https:\/\/celmad.org\/fr\/#\/schema\/logo\/image\/","url":"https:\/\/celmad.org\/wp-content\/uploads\/2025\/01\/Image-5-from-Figma.png","contentUrl":"https:\/\/celmad.org\/wp-content\/uploads\/2025\/01\/Image-5-from-Figma.png","width":1368,"height":772,"caption":"CELMAD"},"image":{"@id":"https:\/\/celmad.org\/fr\/#\/schema\/logo\/image\/"}}]}},"_links":{"self":[{"href":"https:\/\/celmad.org\/fr\/wp-json\/wp\/v2\/pages\/15","targetHints":{"allow":["GET"]}}],"collection":[{"href":"https:\/\/celmad.org\/fr\/wp-json\/wp\/v2\/pages"}],"about":[{"href":"https:\/\/celmad.org\/fr\/wp-json\/wp\/v2\/types\/page"}],"author":[{"embeddable":true,"href":"https:\/\/celmad.org\/fr\/wp-json\/wp\/v2\/users\/2"}],"replies":[{"embeddable":true,"href":"https:\/\/celmad.org\/fr\/wp-json\/wp\/v2\/comments?post=15"}],"version-history":[{"count":43,"href":"https:\/\/celmad.org\/fr\/wp-json\/wp\/v2\/pages\/15\/revisions"}],"predecessor-version":[{"id":1854,"href":"https:\/\/celmad.org\/fr\/wp-json\/wp\/v2\/pages\/15\/revisions\/1854"}],"wp:attachment":[{"href":"https:\/\/celmad.org\/fr\/wp-json\/wp\/v2\/media?parent=15"}],"curies":[{"name":"wp","href":"https:\/\/api.w.org\/{rel}","templated":true}]}}